{"id":1246,"date":"2024-11-14T15:36:37","date_gmt":"2024-11-14T15:36:37","guid":{"rendered":"https:\/\/toctoctoc.ci\/?post_type=product&#038;p=1246"},"modified":"2025-12-13T13:42:24","modified_gmt":"2025-12-13T13:42:24","slug":"douche-de-camping","status":"publish","type":"product","link":"https:\/\/toctoctoc.ci\/en\/store-listing\/hygiene-et-sante\/accessoires\/douche-de-camping\/","title":{"rendered":"Douche de camping"},"content":{"rendered":"<h1>\u00c0 propos de cet article<\/h1>\n<p><b><em>D\u00e9bit d&rsquo;eau r\u00e9glable<\/em> : <\/b>Cette douche est dot\u00e9e de modes de haute et basse vitesse, ainsi que d&rsquo;un robinet d&rsquo;arr\u00eat qui permet de contr\u00f4ler librement le d\u00e9bit d&rsquo;eau, atteignant un maximum de 4L\/min.<\/p>\n<p><b><em>Douche rechargeable et pratique<\/em> : <\/b>\u00c9quip\u00e9e d&rsquo;une batterie lithium-ion de 4800 mAh, cette douche offre plus de 60 minutes d&rsquo;utilisation continue. Elle est con\u00e7ue avec un circuit de protection pour la charge et la d\u00e9charge, garantissant la s\u00e9curit\u00e9 de la batterie et prolongeant sa dur\u00e9e de vie.<\/p>\n<p><b><em>Conception conviviale<\/em> : <\/b>La douche \u00e9lectrique est munie d&rsquo;un indicateur de faible puissance et d&rsquo;un voyant de charge. Certifi\u00e9e RoHS et CE, elle assure une utilisation s\u00fbre et fiable.<\/p>\n<p><b><em>Utilisation polyvalente<\/em> : <\/b>Cette douche portable est id\u00e9ale pour une utilisation int\u00e9rieure ou ext\u00e9rieure, pour laver votre voiture, donner un bain \u00e0 vos animaux de compagnie ou pour l&rsquo;arrosage de votre jardin.<\/p>\n<p><b><em>Design \u00e9l\u00e9gant et l\u00e9ger<\/em> : <\/b>Avec son apparence esth\u00e9tique et g\u00e9n\u00e9reuse, cette douche portable est compacte et facile \u00e0 transporter. Elle est \u00e9galement \u00e9quip\u00e9e d&rsquo;un filtre qui \u00e9limine les d\u00e9bris tels que les mauvaises herbes et les feuilles lorsque vous l&rsquo;utilisez \u00e0 l&rsquo;ext\u00e9rieur.<\/p>\n<p>&nbsp;<\/p>\n<h1>Description du produit<\/h1>\n<p><img fetchpriority=\"high\" decoding=\"async\" class=\"alignnone size-large wp-image-1247\" src=\"http:\/\/toctoctoc.ci\/wp-content\/uploads\/2024\/11\/1-10-1024x1024.jpeg\" alt=\"\" width=\"640\" height=\"640\" \/> <img decoding=\"async\" class=\"alignnone size-large wp-image-1248\" src=\"http:\/\/toctoctoc.ci\/wp-content\/uploads\/2024\/11\/2-10-933x1024.jpeg\" alt=\"\" width=\"640\" height=\"702\" \/> <img decoding=\"async\" class=\"alignnone size-large wp-image-1249\" src=\"http:\/\/toctoctoc.ci\/wp-content\/uploads\/2024\/11\/3-10-1024x1024.jpeg\" alt=\"\" width=\"640\" height=\"640\" \/> <img loading=\"lazy\" decoding=\"async\" class=\"alignnone size-large wp-image-1250\" src=\"http:\/\/toctoctoc.ci\/wp-content\/uploads\/2024\/11\/4-10-979x1024.jpeg\" alt=\"\" width=\"640\" height=\"669\" \/> <img loading=\"lazy\" decoding=\"async\" class=\"alignnone size-large wp-image-1251\" src=\"http:\/\/toctoctoc.ci\/wp-content\/uploads\/2024\/11\/5-5-1024x1024.jpeg\" alt=\"\" width=\"640\" height=\"640\" \/><\/p>\n<p>&nbsp;<\/p>\n<h1>Descriptif technique<\/h1>\n<table style=\"height: 198px;\" width=\"720\">\n<tbody>\n<tr>\n<td width=\"251\">R\u00e9f\u00e9rence<\/td>\n<td>\u200eToc 20240138<\/td>\n<\/tr>\n<tr>\n<td width=\"251\">Dimensions<\/td>\n<td>\u200ePompe : 10,8 x 6,5 cm\/ Longueur tuyau\u00a0: 180 cm\u00a0; 923 grammes<\/td>\n<\/tr>\n<tr>\n<td width=\"251\">Nombre d&rsquo;article(s)<\/td>\n<td>\u200e1<\/td>\n<\/tr>\n<tr>\n<td width=\"251\">Couleur<\/td>\n<td>\u200eArgent m\u00e9tallique<\/td>\n<\/tr>\n<tr>\n<td width=\"251\">Batterie<\/td>\n<td>Lithium<\/td>\n<\/tr>\n<tr>\n<td width=\"251\">Mat\u00e9riau<\/td>\n<td>\u200eAbs, PVC, Tuyaux en acier inoxydable<\/td>\n<\/tr>\n<tr>\n<td width=\"251\">Caract\u00e9ristiques sp\u00e9ciales<\/td>\n<td>\u200ePortable\/ Rechargeable<\/td>\n<\/tr>\n<\/tbody>\n<\/table>\n<p>&nbsp;<\/p>\n<h1>Le contenu<\/h1>\n<table style=\"height: 100px;\" width=\"380\">\n<tbody>\n<tr>\n<td width=\"257\">Une douche portable<\/td>\n<\/tr>\n<tr>\n<td width=\"257\">Un filet de rangement USB<\/td>\n<\/tr>\n<tr>\n<td width=\"257\">Un support de douche (crochet ventouse)<\/td>\n<\/tr>\n<tr>\n<td width=\"257\">Un c\u00e2ble USB (type A)-DC<\/td>\n<\/tr>\n<tr>\n<td width=\"257\">Une notice (chinois)<\/td>\n<\/tr>\n<\/tbody>\n<\/table>\n<p>&nbsp;<\/p>\n<h1>Vid\u00e9o<\/h1>\n<p><iframe title=\"20240138\" width=\"563\" height=\"1000\" src=\"https:\/\/www.youtube.com\/embed\/ACdTat9qUVE?feature=oembed\" frameborder=\"0\" allow=\"accelerometer; autoplay; clipboard-write; encrypted-media; gyroscope; picture-in-picture; web-share\" referrerpolicy=\"strict-origin-when-cross-origin\" allowfullscreen><\/iframe><\/p>","protected":false},"excerpt":{"rendered":"<p>D\u00e9couvrez notre douche portable innovante, con\u00e7ue pour offrir un d\u00e9bit d&rsquo;eau r\u00e9glable avec des modes de haute et basse vitesse, ainsi qu&rsquo;un robinet d&rsquo;arr\u00eat pour un contr\u00f4le optimal, atteignant jusqu&rsquo;\u00e0 4L\/min. \u00c9quip\u00e9e d&rsquo;une batterie lithium-ion de 4800 mAh, elle garantit plus de 60 minutes d&rsquo;utilisation continue tout en int\u00e9grant un circuit de protection pour assurer la s\u00e9curit\u00e9 de la batterie. Avec un design convivial comprenant un indicateur de faible puissance et un voyant de charge, cette douche certifi\u00e9e RoHS et CE est \u00e0 la fois s\u00fbre et fiable. Polyvalente, elle convient parfaitement pour une utilisation int\u00e9rieure ou ext\u00e9rieure, que ce soit pour laver votre voiture, donner un bain \u00e0 vos animaux de compagnie ou arroser votre jardin. Son design \u00e9l\u00e9gant et l\u00e9ger, associ\u00e9 \u00e0 un filtre pour \u00e9liminer les d\u00e9bris, en fait un accessoire pratique et esth\u00e9tique \u00e0 emporter partout !<\/p>","protected":false},"featured_media":1252,"comment_status":"open","ping_status":"closed","template":"","meta":{"_acf_changed":false},"locations":[135,133,134],"product_brand":[],"product_cat":[86,83],"product_tag":[],"class_list":{"0":"post-1246","1":"product","2":"type-product","3":"status-publish","4":"has-post-thumbnail","6":"locations-cgk","7":"locations-kenya","8":"locations-t03","9":"product_cat-accessoires","10":"product_cat-hygiene-et-sante","12":"first","13":"instock","14":"shipping-taxable","15":"purchasable","16":"product-type-simple"},"acf":[],"jetpack_sharing_enabled":true,"_links":{"self":[{"href":"https:\/\/toctoctoc.ci\/en\/wp-json\/wp\/v2\/product\/1246","targetHints":{"allow":["GET"]}}],"collection":[{"href":"https:\/\/toctoctoc.ci\/en\/wp-json\/wp\/v2\/product"}],"about":[{"href":"https:\/\/toctoctoc.ci\/en\/wp-json\/wp\/v2\/types\/product"}],"replies":[{"embeddable":true,"href":"https:\/\/toctoctoc.ci\/en\/wp-json\/wp\/v2\/comments?post=1246"}],"wp:featuredmedia":[{"embeddable":true,"href":"https:\/\/toctoctoc.ci\/en\/wp-json\/wp\/v2\/media\/1252"}],"wp:attachment":[{"href":"https:\/\/toctoctoc.ci\/en\/wp-json\/wp\/v2\/media?parent=1246"}],"wp:term":[{"taxonomy":"locations","embeddable":true,"href":"https:\/\/toctoctoc.ci\/en\/wp-json\/wp\/v2\/locations?post=1246"},{"taxonomy":"product_brand","embeddable":true,"href":"https:\/\/toctoctoc.ci\/en\/wp-json\/wp\/v2\/product_brand?post=1246"},{"taxonomy":"product_cat","embeddable":true,"href":"https:\/\/toctoctoc.ci\/en\/wp-json\/wp\/v2\/product_cat?post=1246"},{"taxonomy":"product_tag","embeddable":true,"href":"https:\/\/toctoctoc.ci\/en\/wp-json\/wp\/v2\/product_tag?post=1246"}],"curies":[{"name":"wp","href":"https:\/\/api.w.org\/{rel}","templated":true}]}}