{"id":1232,"date":"2024-11-14T14:24:23","date_gmt":"2024-11-14T14:24:23","guid":{"rendered":"https:\/\/toctoctoc.ci\/?post_type=product&#038;p=1232"},"modified":"2026-04-19T22:56:34","modified_gmt":"2026-04-19T22:56:34","slug":"mini-lampe-de-poche-led","status":"publish","type":"product","link":"https:\/\/toctoctoc.ci\/en\/store-listing\/outillage-et-bricolage\/mini-lampe-de-poche-led\/","title":{"rendered":"Mini lampe de poche LED"},"content":{"rendered":"<h1>\u00c0 propos de cet article<\/h1>\n<p><em><strong>\u00c9clairage puissant<\/strong><\/em> : Cette lampe de poche porte-cl\u00e9s est \u00e9quip\u00e9e de puces LED COB avanc\u00e9es, offrant une luminosit\u00e9 impressionnante de 1000 lumens et une large couverture lumineuse. Elle est parfaite comme petite lampe de travail ou source de lumi\u00e8re d&rsquo;appoint.<\/p>\n<p><em><strong>Trois options d&rsquo;\u00e9clairage<\/strong><\/em> : La lampe de poche compacte propose trois modes d&rsquo;\u00e9clairage pour s&rsquo;adapter \u00e0 vos divers besoins quotidiens : haute luminosit\u00e9 COB, basse luminosit\u00e9 COB et mode stroboscopique COB. Vous pouvez facilement changer de mode en appuyant sur un bouton.<\/p>\n<p><em><strong>Rechargeable<\/strong><\/em> : Dot\u00e9e d&rsquo;une interface de charge de type C, cette lampe inclut une batterie de 500 mAh et un c\u00e2ble USB pour une recharge rapide et pratique. Un indicateur lumineux s&rsquo;allume en rouge pendant la charge et passe au vert une fois la batterie pleine. Elle peut fonctionner jusqu&rsquo;\u00e0 2 heures lorsqu&rsquo;elle est compl\u00e8tement charg\u00e9e.<\/p>\n<p><em><strong>Lampe de poche portable et magn\u00e9tique<\/strong><\/em> : Avec son design compact et puissant, cette lampe de poche est facile \u00e0 transporter. Vous pouvez l&rsquo;accrocher \u00e0 votre porte-cl\u00e9s, \u00e0 vos sacs ou la fixer \u00e0 des surfaces m\u00e9talliques.<\/p>\n<p><em><strong>Applications vari\u00e9es<\/strong><\/em> : La lampe de poche Bright COB est robuste et multifonctionnelle, id\u00e9ale pour des usages vari\u00e9s tels que l&rsquo;ouverture de bouteilles ou comme source de lumi\u00e8re pour la p\u00eache nocturne, la randonn\u00e9e, la course, le v\u00e9lo ou le camping.<\/p>\n<p>&nbsp;<\/p>\n<h1>Description du produit<\/h1>\n<p><img fetchpriority=\"high\" decoding=\"async\" class=\"alignnone size-large wp-image-1242\" src=\"http:\/\/toctoctoc.ci\/wp-content\/uploads\/2024\/11\/1-9-1024x633.jpeg\" alt=\"\" width=\"640\" height=\"396\" \/> <img decoding=\"async\" class=\"alignnone size-large wp-image-1243\" src=\"http:\/\/toctoctoc.ci\/wp-content\/uploads\/2024\/11\/2-9-1024x1024.jpeg\" alt=\"\" width=\"640\" height=\"640\" \/> <img decoding=\"async\" class=\"alignnone size-large wp-image-1244\" src=\"http:\/\/toctoctoc.ci\/wp-content\/uploads\/2024\/11\/3-9-1024x1024.jpeg\" alt=\"\" width=\"640\" height=\"640\" \/> <img loading=\"lazy\" decoding=\"async\" class=\"alignnone size-large wp-image-1245\" src=\"http:\/\/toctoctoc.ci\/wp-content\/uploads\/2024\/11\/4-9-1024x1007.jpeg\" alt=\"\" width=\"640\" height=\"629\" \/><\/p>\n<p>&nbsp;<\/p>\n<h1>Descriptif technique<\/h1>\n<table width=\"541\">\n<tbody>\n<tr>\n<td width=\"251\">R\u00e9f\u00e9rence<\/td>\n<td>\u200eToc 20240137<\/td>\n<\/tr>\n<tr>\n<td width=\"251\">Dimensions<\/td>\n<td>\u200e6 X 4 \u00a0cm\u00a0; 60 grammes<\/td>\n<\/tr>\n<tr>\n<td width=\"251\">Nombre d&rsquo;article(s)<\/td>\n<td>\u200e1<\/td>\n<\/tr>\n<tr>\n<td width=\"251\">Couleur<\/td>\n<td>\u200eNoir<\/td>\n<\/tr>\n<tr>\n<td width=\"251\">Forme<\/td>\n<td>\u200eRectangulaire<\/td>\n<\/tr>\n<tr>\n<td width=\"251\">Mat\u00e9riau<\/td>\n<td>\u200eAluminium<\/td>\n<\/tr>\n<tr>\n<td width=\"251\">Caract\u00e9ristiques sp\u00e9ciales<\/td>\n<td>\u200ePliable\/ Magn\u00e9tique<\/td>\n<\/tr>\n<tr>\n<td width=\"251\">Compatibilit\u00e9<\/td>\n<td>\u00c9paisseur table moins de 5 cm<\/td>\n<\/tr>\n<tr>\n<td width=\"251\">Alimentation<\/td>\n<td>Pile<\/td>\n<\/tr>\n<tr>\n<td width=\"251\">Flux lumineux<\/td>\n<td>1000 lm<\/td>\n<\/tr>\n<tr>\n<td width=\"251\">Piles incluses ?<\/td>\n<td>Oui<\/td>\n<\/tr>\n<\/tbody>\n<\/table>\n<p>&nbsp;<\/p>\n<h1>Le contenu<\/h1>\n<table width=\"261\">\n<tbody>\n<tr>\n<td width=\"257\">Une lampe LED<\/td>\n<\/tr>\n<tr>\n<td width=\"257\">Un c\u00e2ble USB (type C)<\/td>\n<\/tr>\n<tr>\n<td width=\"257\">Une notice (anglais-chinois)<\/td>\n<\/tr>\n<\/tbody>\n<\/table>\n<p>&nbsp;<\/p>\n<h1>Vid\u00e9o<\/h1>\n<p><iframe title=\"20240137\" width=\"1200\" height=\"675\" src=\"https:\/\/www.youtube.com\/embed\/nkgSEeodet8?feature=oembed\" frameborder=\"0\" allow=\"accelerometer; autoplay; clipboard-write; encrypted-media; gyroscope; picture-in-picture; web-share\" referrerpolicy=\"strict-origin-when-cross-origin\" allowfullscreen><\/iframe><\/p>\n<p>&nbsp;<\/p>","protected":false},"excerpt":{"rendered":"<p>D\u00e9couvrez notre lampe de poche porte-cl\u00e9s ultra lumineuse, \u00e9quip\u00e9e de puces LED COB avanc\u00e9es qui produisent une lumi\u00e8re \u00e9clatante de 1000 lumens, id\u00e9ale pour une utilisation comme petite lampe de travail ou lumi\u00e8re de secours. Avec trois modes d&rsquo;\u00e9clairage (haute luminosit\u00e9, basse luminosit\u00e9 et stroboscopique), vous pouvez facilement adapter la lumi\u00e8re \u00e0 vos besoins. Rechargeable via une interface de type C, elle inclut une batterie de 500 mAh et un c\u00e2ble USB pour une charge rapide. Compacte et magn\u00e9tique, cette lampe se fixe ais\u00e9ment \u00e0 votre porte-cl\u00e9s ou \u00e0 vos sacs, et est parfaite pour diverses activit\u00e9s comme la p\u00eache nocturne, la randonn\u00e9e, le v\u00e9lo ou le camping. Un accessoire robuste et multifonctionnel \u00e0 ne pas manquer !<\/p>","protected":false},"featured_media":1237,"comment_status":"open","ping_status":"closed","template":"","meta":{"_acf_changed":false},"locations":[135,133,134],"product_brand":[],"product_cat":[87],"product_tag":[],"class_list":{"0":"post-1232","1":"product","2":"type-product","3":"status-publish","4":"has-post-thumbnail","6":"locations-cgk","7":"locations-kenya","8":"locations-t03","9":"product_cat-outillage-et-bricolage","11":"first","12":"instock","13":"shipping-taxable","14":"purchasable","15":"product-type-simple"},"acf":[],"jetpack_sharing_enabled":true,"_links":{"self":[{"href":"https:\/\/toctoctoc.ci\/en\/wp-json\/wp\/v2\/product\/1232","targetHints":{"allow":["GET"]}}],"collection":[{"href":"https:\/\/toctoctoc.ci\/en\/wp-json\/wp\/v2\/product"}],"about":[{"href":"https:\/\/toctoctoc.ci\/en\/wp-json\/wp\/v2\/types\/product"}],"replies":[{"embeddable":true,"href":"https:\/\/toctoctoc.ci\/en\/wp-json\/wp\/v2\/comments?post=1232"}],"wp:featuredmedia":[{"embeddable":true,"href":"https:\/\/toctoctoc.ci\/en\/wp-json\/wp\/v2\/media\/1237"}],"wp:attachment":[{"href":"https:\/\/toctoctoc.ci\/en\/wp-json\/wp\/v2\/media?parent=1232"}],"wp:term":[{"taxonomy":"locations","embeddable":true,"href":"https:\/\/toctoctoc.ci\/en\/wp-json\/wp\/v2\/locations?post=1232"},{"taxonomy":"product_brand","embeddable":true,"href":"https:\/\/toctoctoc.ci\/en\/wp-json\/wp\/v2\/product_brand?post=1232"},{"taxonomy":"product_cat","embeddable":true,"href":"https:\/\/toctoctoc.ci\/en\/wp-json\/wp\/v2\/product_cat?post=1232"},{"taxonomy":"product_tag","embeddable":true,"href":"https:\/\/toctoctoc.ci\/en\/wp-json\/wp\/v2\/product_tag?post=1232"}],"curies":[{"name":"wp","href":"https:\/\/api.w.org\/{rel}","templated":true}]}}