{"id":1219,"date":"2024-11-14T12:34:30","date_gmt":"2024-11-14T12:34:30","guid":{"rendered":"https:\/\/toctoctoc.ci\/?post_type=product&#038;p=1219"},"modified":"2025-12-09T02:59:02","modified_gmt":"2025-12-09T02:59:02","slug":"coupe-ongles-avec-recuperateur","status":"publish","type":"product","link":"https:\/\/toctoctoc.ci\/en\/store-listing\/hygiene-et-sante\/accessoires\/coupe-ongles-avec-recuperateur\/","title":{"rendered":"Coupe-ongles avec r\u00e9cup\u00e9rateur"},"content":{"rendered":"<h1>\u00c0 propos de cet article<\/h1>\n<ul>\n<li><em><strong>Pr\u00e9cision et Performance<\/strong><\/em> : Coupez vos ongles avec une pr\u00e9cision remarquable gr\u00e2ce \u00e0 ce magnifique coupe-ongles. \u00c9quip\u00e9 de bords tranchants parfaitement courb\u00e9s, fabriqu\u00e9s en acier inoxydable de haute qualit\u00e9 et tremp\u00e9 pour garantir une durabilit\u00e9 exceptionnelle, ce coupe-ongles robuste est id\u00e9al pour traiter les ongles \u00e9pais des mains et des pieds, vous permettant de vous sentir toujours comme un homme accompli.<\/li>\n<li><em><strong>Design Pratique et Propre<\/strong><\/em> : Les coupe-ongles auto-collecteurs sont dot\u00e9s d&rsquo;un plateau discret qui recueille les ongles coup\u00e9s. Vous pouvez ainsi r\u00e9aliser votre manucure dans la chambre, le salon ou m\u00eame au bureau sans laisser de r\u00e9sidus inesth\u00e9tiques sur vos surfaces. Une fois que vous avez termin\u00e9, il vous suffit d&rsquo;ouvrir le couvercle du bac pour jeter les d\u00e9bris.<\/li>\n<li><em><strong>Mat\u00e9riaux de Qualit\u00e9<\/strong> <\/em>: Confectionn\u00e9 en acier inoxydable de premier choix et en alliage de zinc, ce coupe-ongles arbore une finition noire mate \u00e9l\u00e9gante. R\u00e9sistant \u00e0 la rouille et dot\u00e9 d&rsquo;un levier de coupe ergonomique, cet outil sera un ajout durable et fiable \u00e0 votre collection de produits de p\u00e9dicure et de manucure.<\/li>\n<li><em><strong>Efficacit\u00e9 sur les Ongles Durs<\/strong><\/em> : Affrontez les ongles difficiles sur vos mains et vos pieds avec ce coupe-ongles robuste. Ses bords exceptionnellement aiguis\u00e9s et son levier performant permettent de couper facilement les ongles \u00e9pais et difficiles. Sa forme arqu\u00e9e est \u00e9galement con\u00e7ue pour aider \u00e0 \u00e9liminer les ongles incarn\u00e9s et \u00e0 soulager la pression douloureuse sur les orteils.<\/li>\n<\/ul>\n<p>&nbsp;<\/p>\n<h1>Description du produit<\/h1>\n<p><img fetchpriority=\"high\" decoding=\"async\" class=\"alignnone size-large wp-image-1220\" src=\"http:\/\/toctoctoc.ci\/wp-content\/uploads\/2024\/11\/1-8-1024x988.jpeg\" alt=\"\" width=\"640\" height=\"618\" \/> <img decoding=\"async\" class=\"alignnone size-large wp-image-1221\" src=\"http:\/\/toctoctoc.ci\/wp-content\/uploads\/2024\/11\/2-8-1024x1000.jpeg\" alt=\"\" width=\"640\" height=\"625\" \/> <img decoding=\"async\" class=\"alignnone size-large wp-image-1222\" src=\"http:\/\/toctoctoc.ci\/wp-content\/uploads\/2024\/11\/3-8-1024x1024.jpeg\" alt=\"\" width=\"640\" height=\"640\" \/> <img loading=\"lazy\" decoding=\"async\" class=\"alignnone size-large wp-image-1223\" src=\"http:\/\/toctoctoc.ci\/wp-content\/uploads\/2024\/11\/4-8-1024x1024.jpeg\" alt=\"\" width=\"640\" height=\"640\" \/> <img loading=\"lazy\" decoding=\"async\" class=\"alignnone size-large wp-image-1224\" src=\"http:\/\/toctoctoc.ci\/wp-content\/uploads\/2024\/11\/5-4-1024x966.jpeg\" alt=\"\" width=\"640\" height=\"604\" \/><\/p>\n<p>&nbsp;<\/p>\n<h1>Descriptif technique<\/h1>\n<table width=\"541\">\n<tbody>\n<tr>\n<td width=\"251\">R\u00e9f\u00e9rence<\/td>\n<td>\u200eToc 20240136<\/td>\n<\/tr>\n<tr>\n<td width=\"251\">Dimensions<\/td>\n<td>\u200e7.8 X 1.8 X 1.6 cm\u00a0; 52 grammes<\/td>\n<\/tr>\n<tr>\n<td width=\"251\">Nombre d&rsquo;article(s)<\/td>\n<td>\u200e1<\/td>\n<\/tr>\n<tr>\n<td width=\"251\">Couleur<\/td>\n<td>\u200eNoire<\/td>\n<\/tr>\n<tr>\n<td width=\"251\">Forme<\/td>\n<td>\u200eRectangulaire<\/td>\n<\/tr>\n<tr>\n<td width=\"251\">Mat\u00e9riau<\/td>\n<td>\u200eAcier inoxydable<\/td>\n<\/tr>\n<tr>\n<td width=\"251\">Caract\u00e9ristiques sp\u00e9ciales<\/td>\n<td>\u200eAuto-collection des ongles<\/td>\n<\/tr>\n<tr>\n<td width=\"251\">Compatibilit\u00e9<\/td>\n<td>Homme\/Femme<\/td>\n<\/tr>\n<\/tbody>\n<\/table>\n<p>&nbsp;<\/p>\n<h1>Le contenu<\/h1>\n<table width=\"421\">\n<tbody>\n<tr>\n<td width=\"257\">Un coupe-ongles noir<\/td>\n<\/tr>\n<\/tbody>\n<\/table>\n<p>&nbsp;<\/p>\n<h1>Vid\u00e9o<\/h1>\n<p>&nbsp;<\/p>","protected":false},"excerpt":{"rendered":"<p>D\u00e9couvrez notre coupe-ongles \u00e9l\u00e9gant, con\u00e7u pour couper les ongles avec pr\u00e9cision gr\u00e2ce \u00e0 ses bords tranchants en acier inoxydable de haute qualit\u00e9. Ce coupe-ongles robuste, id\u00e9al pour les ongles \u00e9pais des doigts et des orteils, est \u00e9quip\u00e9 d&rsquo;un plateau auto-collecteur qui recueille les ongles coup\u00e9s, vous permettant de manucurer sans laisser de d\u00e9sordre. Avec sa finition noire mate sophistiqu\u00e9e et son levier ergonomique, il est \u00e0 la fois r\u00e9sistant \u00e0 la rouille et durable. Affrontez les ongles durs en toute simplicit\u00e9, tout en b\u00e9n\u00e9ficiant d&rsquo;une forme arqu\u00e9e qui aide \u00e0 pr\u00e9venir les ongles incarn\u00e9s et \u00e0 soulager la pression douloureuse. Un indispensable pour votre trousse de soins !<\/p>","protected":false},"featured_media":1226,"comment_status":"open","ping_status":"closed","template":"","meta":{"_acf_changed":false},"locations":[135,133,134],"product_brand":[],"product_cat":[86,83],"product_tag":[],"class_list":{"0":"post-1219","1":"product","2":"type-product","3":"status-publish","4":"has-post-thumbnail","6":"locations-cgk","7":"locations-kenya","8":"locations-t03","9":"product_cat-accessoires","10":"product_cat-hygiene-et-sante","12":"first","13":"outofstock","14":"shipping-taxable","15":"purchasable","16":"product-type-simple"},"acf":[],"jetpack_sharing_enabled":true,"_links":{"self":[{"href":"https:\/\/toctoctoc.ci\/en\/wp-json\/wp\/v2\/product\/1219","targetHints":{"allow":["GET"]}}],"collection":[{"href":"https:\/\/toctoctoc.ci\/en\/wp-json\/wp\/v2\/product"}],"about":[{"href":"https:\/\/toctoctoc.ci\/en\/wp-json\/wp\/v2\/types\/product"}],"replies":[{"embeddable":true,"href":"https:\/\/toctoctoc.ci\/en\/wp-json\/wp\/v2\/comments?post=1219"}],"wp:featuredmedia":[{"embeddable":true,"href":"https:\/\/toctoctoc.ci\/en\/wp-json\/wp\/v2\/media\/1226"}],"wp:attachment":[{"href":"https:\/\/toctoctoc.ci\/en\/wp-json\/wp\/v2\/media?parent=1219"}],"wp:term":[{"taxonomy":"locations","embeddable":true,"href":"https:\/\/toctoctoc.ci\/en\/wp-json\/wp\/v2\/locations?post=1219"},{"taxonomy":"product_brand","embeddable":true,"href":"https:\/\/toctoctoc.ci\/en\/wp-json\/wp\/v2\/product_brand?post=1219"},{"taxonomy":"product_cat","embeddable":true,"href":"https:\/\/toctoctoc.ci\/en\/wp-json\/wp\/v2\/product_cat?post=1219"},{"taxonomy":"product_tag","embeddable":true,"href":"https:\/\/toctoctoc.ci\/en\/wp-json\/wp\/v2\/product_tag?post=1219"}],"curies":[{"name":"wp","href":"https:\/\/api.w.org\/{rel}","templated":true}]}}