{"id":1208,"date":"2024-11-14T10:19:51","date_gmt":"2024-11-14T10:19:51","guid":{"rendered":"https:\/\/toctoctoc.ci\/?post_type=product&#038;p=1208"},"modified":"2026-04-03T20:32:19","modified_gmt":"2026-04-03T20:32:19","slug":"stabilisateur-de-telephone-l7c-pro","status":"publish","type":"product","link":"https:\/\/toctoctoc.ci\/en\/store-listing\/informatique\/high-tech\/stabilisateur-de-telephone-l7c-pro\/","title":{"rendered":"Stabilisateur de t\u00e9l\u00e9phone L7C Pro"},"content":{"rendered":"<h1>\u00c0 propos de cet article<\/h1>\n<p>\u2022\u00a0<em><b>Compatibilit\u00e9 universelle<\/b><\/em>\u00a0: Ce tr\u00e9pied selfie est con\u00e7u pour \u00eatre compatible avec une large gamme de t\u00e9l\u00e9phones portables et d&rsquo;appareils photo. Il peut facilement \u00eatre mont\u00e9 sur un support de t\u00e9l\u00e9phone mobile, y compris les iPhones sous iOS.<\/p>\n<p>\u2022\u00a0<em><b>Robuste et durable<\/b><\/em>\u00a0: La perche \u00e0 selfie est suffisamment solide pour supporter la prise en main, ce qui facilite son utilisation, que ce soit avec votre main ou votre t\u00e9l\u00e9phone.<\/p>\n<p>\u2022\u00a0<em><b>T\u00e9l\u00e9commande pratique<\/b><\/em>\u00a0: La t\u00e9l\u00e9commande est dot\u00e9e d&rsquo;une fonction de contr\u00f4le multidirectionnelle, garantissant une prise de vue sans interf\u00e9rence. Elle permet de contr\u00f4ler facilement l&rsquo;appareil photo et se fixe \u00e0 votre main pour un acc\u00e8s rapide.<\/p>\n<p>\u2022\u00a0<em><b>Stabilit\u00e9 optimale<\/b><\/em>\u00a0: La stabilit\u00e9 est excellente, et la base peut \u00eatre rang\u00e9e dans une poche ou un sac fourre-tout. Le support pour cardan portable est fabriqu\u00e9 en alliage d&rsquo;aluminium de haute qualit\u00e9, offrant une durabilit\u00e9 et une solidit\u00e9 accrues.<\/p>\n<p>\u2022\u00a0<em><b>Design compact<\/b><\/em>\u00a0: En tant que tr\u00e9pied, il pr\u00e9sente un design l\u00e9ger et compact, id\u00e9al pour l&#8217;emporter partout, notamment lors d&rsquo;activit\u00e9s de plein air comme le camping, la randonn\u00e9e ou l&rsquo;escalade.<\/p>\n<p>\u2022\u00a0<em><b>Mat\u00e9riaux de qualit\u00e9<\/b><\/em>\u00a0: Le support de cardan pour t\u00e9l\u00e9phone est fabriqu\u00e9 en plastique de premi\u00e8re qualit\u00e9, assurant une bonne stabilit\u00e9 et une durabilit\u00e9, tout en \u00e9tant r\u00e9sistant aux dommages.<\/p>\n<p>\u2022\u00a0<b>Fonctionnalit\u00e9 Bluetooth<\/b>\u00a0: Le support de t\u00e9l\u00e9phone Bluetooth est r\u00e9versible, vous permettant d&rsquo;utiliser le cardan selon vos besoins.<\/p>\n<p>\u2022\u00a0<em><b>Ajustable<\/b><\/em>\u00a0: Le tr\u00e9pied de la perche \u00e0 selfie est enti\u00e8rement ajustable, permettant d&rsquo;utiliser le cardan \u00e0 diff\u00e9rentes hauteurs ou angles pour obtenir la prise de vue parfaite.<\/p>\n<p>\u2022\u00a0<em><b>Polyvalence<\/b><\/em>\u00a0: Capturez la beaut\u00e9, le design, l&rsquo;architecture, ainsi que des prises de vue horizontales et verticales. La t\u00e9l\u00e9commande sans fil est compatible avec tous les smartphones, tablettes ou Mac, id\u00e9ale pour vos aventures en plein air.<\/p>\n<p>&nbsp;<\/p>\n<h1>Description du produit<\/h1>\n<p><img fetchpriority=\"high\" decoding=\"async\" class=\"alignnone size-large wp-image-1209\" src=\"http:\/\/toctoctoc.ci\/wp-content\/uploads\/2024\/11\/1-7-1024x994.jpeg\" alt=\"\" width=\"640\" height=\"621\" \/> <img decoding=\"async\" class=\"alignnone size-large wp-image-1210\" src=\"http:\/\/toctoctoc.ci\/wp-content\/uploads\/2024\/11\/2-7-980x1024.jpeg\" alt=\"\" width=\"640\" height=\"669\" \/> <img decoding=\"async\" class=\"alignnone size-large wp-image-1211\" src=\"http:\/\/toctoctoc.ci\/wp-content\/uploads\/2024\/11\/3-7-1024x1024.jpeg\" alt=\"\" width=\"640\" height=\"640\" \/> <img loading=\"lazy\" decoding=\"async\" class=\"alignnone size-large wp-image-1212\" src=\"http:\/\/toctoctoc.ci\/wp-content\/uploads\/2024\/11\/4-7-1024x1024.jpeg\" alt=\"\" width=\"640\" height=\"640\" \/> <img loading=\"lazy\" decoding=\"async\" class=\"alignnone size-large wp-image-1213\" src=\"http:\/\/toctoctoc.ci\/wp-content\/uploads\/2024\/11\/5-3-1024x1024.jpeg\" alt=\"\" width=\"640\" height=\"640\" \/><\/p>\n<p>&nbsp;<\/p>\n<h1>Descriptif technique<\/h1>\n<table width=\"517\">\n<tbody>\n<tr>\n<td width=\"251\">R\u00e9f\u00e9rence<\/td>\n<td>\u200eToc 20240135<\/td>\n<\/tr>\n<tr>\n<td width=\"251\">Dimensions<\/td>\n<td>\u200e18 X 18 X 6 cm; 580 grammes<\/td>\n<\/tr>\n<tr>\n<td width=\"251\">Nombre d&rsquo;article(s)<\/td>\n<td>\u200e1<\/td>\n<\/tr>\n<tr>\n<td width=\"251\">Couleur<\/td>\n<td>\u200eGris<\/td>\n<\/tr>\n<tr>\n<td width=\"251\">Forme<\/td>\n<td>\u200eRectangulaire<\/td>\n<\/tr>\n<tr>\n<td width=\"251\">Type de batterie<\/td>\n<td>\u200eLithium-ion<\/td>\n<\/tr>\n<tr>\n<td width=\"251\">Caract\u00e9ristiques sp\u00e9ciales<\/td>\n<td>\u200eSuivi du visage\/ IA<\/td>\n<\/tr>\n<tr>\n<td width=\"251\">Compatibilit\u00e9<\/td>\n<td>\u200eSmartphone<\/td>\n<\/tr>\n<tr>\n<td width=\"251\">Bluetooth<\/td>\n<td>Oui<\/td>\n<\/tr>\n<\/tbody>\n<\/table>\n<p>&nbsp;<\/p>\n<h1>Le contenu<\/h1>\n<table width=\"261\">\n<tbody>\n<tr>\n<td width=\"257\">Un stabilisateur \u00e0 cardan 3 axes<\/td>\n<\/tr>\n<tr>\n<td width=\"257\">Un\u00a0 tr\u00e9pied<\/td>\n<\/tr>\n<tr>\n<td width=\"257\">Un c\u00e2ble USB (type C)<\/td>\n<\/tr>\n<tr>\n<td width=\"257\">Une lani\u00e8re<\/td>\n<\/tr>\n<tr>\n<td width=\"257\">La notice (chinois)<\/td>\n<\/tr>\n<\/tbody>\n<\/table>\n<p>&nbsp;<\/p>\n<h1>Vid\u00e9o<\/h1>\n<p><iframe title=\"20240135\" width=\"1200\" height=\"675\" src=\"https:\/\/www.youtube.com\/embed\/4buZbcHLSrU?feature=oembed\" frameborder=\"0\" allow=\"accelerometer; autoplay; clipboard-write; encrypted-media; gyroscope; picture-in-picture; web-share\" referrerpolicy=\"strict-origin-when-cross-origin\" allowfullscreen><\/iframe><\/p>","protected":false},"excerpt":{"rendered":"<p>D\u00e9couvrez notre stabilisateur de cardan pour smartphone, un accessoire indispensable pour tous les passionn\u00e9s de vlogging et de cr\u00e9ation de contenu. Con\u00e7u pour s&rsquo;adapter parfaitement aux appareils Android et \u00e0 l&rsquo;iPhone, ce cardan \u00e0 3 axes garantit des vid\u00e9os fluides et professionnelles, m\u00eame en mouvement. Gr\u00e2ce \u00e0 sa fonction de suivi visage et objet, vous pouvez capturer chaque moment avec pr\u00e9cision, sans jamais perdre de vue votre sujet. Que vous soyez en train de filmer des vlogs, des tutoriels ou des \u00e9v\u00e9nements sp\u00e9ciaux, ce stabilisateur de t\u00e9l\u00e9phone est l&rsquo;outil id\u00e9al pour am\u00e9liorer la qualit\u00e9 de vos enregistrements vid\u00e9o. Ne manquez pas l&rsquo;occasion de donner un coup de pouce \u00e0 votre cr\u00e9ativit\u00e9 avec notre kit de vlogging complet !<\/p>","protected":false},"featured_media":1214,"comment_status":"open","ping_status":"closed","template":"","meta":{"_acf_changed":false},"locations":[135,133,134],"product_brand":[],"product_cat":[80,79],"product_tag":[],"class_list":{"0":"post-1208","1":"product","2":"type-product","3":"status-publish","4":"has-post-thumbnail","6":"locations-cgk","7":"locations-kenya","8":"locations-t03","9":"product_cat-high-tech","10":"product_cat-informatique","12":"first","13":"instock","14":"shipping-taxable","15":"purchasable","16":"product-type-simple"},"acf":[],"jetpack_sharing_enabled":true,"_links":{"self":[{"href":"https:\/\/toctoctoc.ci\/en\/wp-json\/wp\/v2\/product\/1208","targetHints":{"allow":["GET"]}}],"collection":[{"href":"https:\/\/toctoctoc.ci\/en\/wp-json\/wp\/v2\/product"}],"about":[{"href":"https:\/\/toctoctoc.ci\/en\/wp-json\/wp\/v2\/types\/product"}],"replies":[{"embeddable":true,"href":"https:\/\/toctoctoc.ci\/en\/wp-json\/wp\/v2\/comments?post=1208"}],"wp:featuredmedia":[{"embeddable":true,"href":"https:\/\/toctoctoc.ci\/en\/wp-json\/wp\/v2\/media\/1214"}],"wp:attachment":[{"href":"https:\/\/toctoctoc.ci\/en\/wp-json\/wp\/v2\/media?parent=1208"}],"wp:term":[{"taxonomy":"locations","embeddable":true,"href":"https:\/\/toctoctoc.ci\/en\/wp-json\/wp\/v2\/locations?post=1208"},{"taxonomy":"product_brand","embeddable":true,"href":"https:\/\/toctoctoc.ci\/en\/wp-json\/wp\/v2\/product_brand?post=1208"},{"taxonomy":"product_cat","embeddable":true,"href":"https:\/\/toctoctoc.ci\/en\/wp-json\/wp\/v2\/product_cat?post=1208"},{"taxonomy":"product_tag","embeddable":true,"href":"https:\/\/toctoctoc.ci\/en\/wp-json\/wp\/v2\/product_tag?post=1208"}],"curies":[{"name":"wp","href":"https:\/\/api.w.org\/{rel}","templated":true}]}}