{"id":1195,"date":"2024-11-13T20:27:26","date_gmt":"2024-11-13T20:27:26","guid":{"rendered":"https:\/\/toctoctoc.ci\/?post_type=product&#038;p=1195"},"modified":"2026-01-12T19:50:43","modified_gmt":"2026-01-12T19:50:43","slug":"montre-magnetique-a-billes","status":"publish","type":"product","link":"https:\/\/toctoctoc.ci\/en\/store-listing\/mode\/bijoux-et-accessoires\/montre-magnetique-a-billes\/","title":{"rendered":"Montre Magn\u00e9tique \u00e0 billes"},"content":{"rendered":"<h1>\u00c0 propos de cet article<\/h1>\n<p>\u2022 \u231a\u00a0<em><b>Montres uniques pour hommes<\/b><\/em>\u00a0: Les deux boules magn\u00e9tiques symbolisent les aiguilles, tournant autour du centre du cadran sur des orbites diff\u00e9rentes, \u00e0 l&rsquo;image des plan\u00e8tes de notre syst\u00e8me solaire qui gravitent autour du soleil. Plus elles sont proches du centre, plus leur mouvement est rapide. La boule magn\u00e9tique int\u00e9rieure repr\u00e9sente l&rsquo;aiguille des minutes, tandis que la boule ext\u00e9rieure indique les heures.<\/p>\n<p>\u2022 \u231a\u00a0<em><strong>Qualit\u00e9 exceptionnelle\u00a0<\/strong><\/em>: Les montres EUTOUR pour hommes sont \u00e9quip\u00e9es du meilleur mouvement \u00e0 quartz de la marque RONDA. Aliment\u00e9es par une pile bouton \u00e0 l&rsquo;oxyde d&rsquo;argent SR920SW, leur autonomie peut atteindre jusqu&rsquo;\u00e0 48 mois. *Nous recommandons de faire appel \u00e0 un professionnel pour le remplacement de la pile afin d&rsquo;\u00e9viter tout dommage \u00e0 la montre.<\/p>\n<p>\u2022 \u231a\u00a0<em><b>Technologie innovante<\/b><\/em>\u00a0: Gr\u00e2ce \u00e0 une technologie de placage sous vide respectueuse de l&rsquo;environnement, nos montres minimisent la pollution de l&rsquo;eau et des sols, garantissant ainsi une montre plus propre avec des couleurs durables. De plus, un rev\u00eatement isolant suppl\u00e9mentaire emp\u00eache presque tout adh\u00e9sif de se fixer sur la montre. Le bo\u00eetier est fabriqu\u00e9 \u00e0 partir d&rsquo;un alliage composite contenant 58 % de cuivre, ce qui pr\u00e9vient la d\u00e9formation, la rouille et le vieillissement.<\/p>\n<p>\u2022 \u231a\u00a0<em><b>Cadeau id\u00e9al pour hommes<\/b><\/em>\u00a0: Avec son design ext\u00e9rieur minimaliste et son int\u00e9rieur ing\u00e9nieux, cette montre est fabriqu\u00e9e avec des mat\u00e9riaux de qualit\u00e9 et un savoir-faire exceptionnel. C&rsquo;est le cadeau parfait pour No\u00ebl, les anniversaires, la f\u00eate des p\u00e8res ou toute autre occasion sp\u00e9ciale. Ceux qui la portent ne manqueront pas d&rsquo;attirer l&rsquo;attention et de se d\u00e9marquer par leur style.<\/p>\n<p>&nbsp;<\/p>\n<h1>Description du produit<\/h1>\n<p><img fetchpriority=\"high\" decoding=\"async\" class=\"alignnone size-large wp-image-1196\" src=\"http:\/\/toctoctoc.ci\/wp-content\/uploads\/2024\/11\/1-6-1015x1024.jpeg\" alt=\"\" width=\"640\" height=\"646\" \/> <img decoding=\"async\" class=\"alignnone size-large wp-image-1197\" src=\"http:\/\/toctoctoc.ci\/wp-content\/uploads\/2024\/11\/2-6-1024x420.jpeg\" alt=\"\" width=\"640\" height=\"263\" \/> <img decoding=\"async\" class=\"alignnone size-large wp-image-1198\" src=\"http:\/\/toctoctoc.ci\/wp-content\/uploads\/2024\/11\/3-6-1024x420.jpeg\" alt=\"\" width=\"640\" height=\"263\" \/> <img loading=\"lazy\" decoding=\"async\" class=\"alignnone size-large wp-image-1199\" src=\"http:\/\/toctoctoc.ci\/wp-content\/uploads\/2024\/11\/4-6-1024x420.jpeg\" alt=\"\" width=\"640\" height=\"263\" \/> <img loading=\"lazy\" decoding=\"async\" class=\"alignnone size-large wp-image-1200\" src=\"http:\/\/toctoctoc.ci\/wp-content\/uploads\/2024\/11\/5-2-1024x420.jpeg\" alt=\"\" width=\"640\" height=\"263\" \/> <img loading=\"lazy\" decoding=\"async\" class=\"alignnone size-large wp-image-1201\" src=\"http:\/\/toctoctoc.ci\/wp-content\/uploads\/2024\/11\/6-1-1024x420.jpeg\" alt=\"\" width=\"640\" height=\"263\" \/><\/p>\n<p>&nbsp;<\/p>\n<h1>Descriptif technique<\/h1>\n<table style=\"height: 308px;\" width=\"572\">\n<tbody>\n<tr>\n<td width=\"251\">R\u00e9f\u00e9rence<\/td>\n<td>\u200eToc 20240134<\/td>\n<\/tr>\n<tr>\n<td width=\"251\">Dimensions<\/td>\n<td>\u200e11 X 10 X 7 cm; 336 grammes<\/td>\n<\/tr>\n<tr>\n<td width=\"251\">\u00c9paisseur bo\u00eetier<\/td>\n<td>10 mm<\/td>\n<\/tr>\n<tr>\n<td width=\"251\">Diam\u00e8tre du bo\u00eetier<\/td>\n<td>40 mm<\/td>\n<\/tr>\n<tr>\n<td width=\"251\">Nombre d&rsquo;article(s)<\/td>\n<td>\u200e1<\/td>\n<\/tr>\n<tr>\n<td width=\"251\">Couleur<\/td>\n<td>\u200eNoir<\/td>\n<\/tr>\n<tr>\n<td width=\"251\">Forme<\/td>\n<td>\u200eRonde<\/td>\n<\/tr>\n<tr>\n<td width=\"251\">Mati\u00e8re du bracelet<\/td>\n<td>\u200eAcier inoxydable<\/td>\n<\/tr>\n<tr>\n<td width=\"251\">Mati\u00e8re du bo\u00eetier<\/td>\n<td>\u200eAcier inoxydable<\/td>\n<\/tr>\n<tr>\n<td width=\"251\">Caract\u00e9ristiques sp\u00e9ciales<\/td>\n<td>\u200ePointeur magn\u00e9tique \u00e0 bille (sans aiguille)<\/td>\n<\/tr>\n<tr>\n<td width=\"251\">Compatibilit\u00e9<\/td>\n<td>Homme<\/td>\n<\/tr>\n<tr>\n<td width=\"251\">Piles incluses ?<\/td>\n<td>\u200eOui<\/td>\n<\/tr>\n<\/tbody>\n<\/table>\n<p>&nbsp;<\/p>\n<h1>Le contenu<\/h1>\n<table style=\"height: 58px;\" width=\"355\">\n<tbody>\n<tr>\n<td width=\"257\">Une montre<\/td>\n<\/tr>\n<tr>\n<td width=\"257\">Deux piles<\/td>\n<\/tr>\n<tr>\n<td width=\"257\">Un bracelet en cuir noir<\/td>\n<\/tr>\n<tr>\n<td width=\"257\">Les accessoires d\u2019ajustement des sangles<\/td>\n<\/tr>\n<\/tbody>\n<\/table>\n<p>&nbsp;<\/p>\n<h1>Vid\u00e9o<\/h1>\n<p><iframe title=\"20240134\" width=\"1200\" height=\"675\" src=\"https:\/\/www.youtube.com\/embed\/WpKPwFvR2i4?feature=oembed\" frameborder=\"0\" allow=\"accelerometer; autoplay; clipboard-write; encrypted-media; gyroscope; picture-in-picture; web-share\" referrerpolicy=\"strict-origin-when-cross-origin\" allowfullscreen><\/iframe><\/p>","protected":false},"excerpt":{"rendered":"<p>Notre montre magn\u00e9tique r\u00e9volutionne la perception des montres en mati\u00e8re de design. Sa boule unique l\u00e9vite au-dessus du cadran gr\u00e2ce \u00e0 la force magn\u00e9tique, alliant technologie et amusement pour offrir une mani\u00e8re originale de visualiser le temps. Cette montre propose \u00e9galement une nouvelle m\u00e9thode de lecture de l&rsquo;heure, tout en restant compatible avec les habitudes de lecture traditionnelles, permettant ainsi une prise en main rapide et intuitive.<\/p>","protected":false},"featured_media":1202,"comment_status":"open","ping_status":"closed","template":"","meta":{"_acf_changed":false},"locations":[135,133,134],"product_brand":[],"product_cat":[82,81],"product_tag":[],"class_list":{"0":"post-1195","1":"product","2":"type-product","3":"status-publish","4":"has-post-thumbnail","6":"locations-cgk","7":"locations-kenya","8":"locations-t03","9":"product_cat-bijoux-et-accessoires","10":"product_cat-mode","12":"first","13":"instock","14":"shipping-taxable","15":"purchasable","16":"product-type-simple"},"acf":[],"jetpack_sharing_enabled":true,"_links":{"self":[{"href":"https:\/\/toctoctoc.ci\/en\/wp-json\/wp\/v2\/product\/1195","targetHints":{"allow":["GET"]}}],"collection":[{"href":"https:\/\/toctoctoc.ci\/en\/wp-json\/wp\/v2\/product"}],"about":[{"href":"https:\/\/toctoctoc.ci\/en\/wp-json\/wp\/v2\/types\/product"}],"replies":[{"embeddable":true,"href":"https:\/\/toctoctoc.ci\/en\/wp-json\/wp\/v2\/comments?post=1195"}],"wp:featuredmedia":[{"embeddable":true,"href":"https:\/\/toctoctoc.ci\/en\/wp-json\/wp\/v2\/media\/1202"}],"wp:attachment":[{"href":"https:\/\/toctoctoc.ci\/en\/wp-json\/wp\/v2\/media?parent=1195"}],"wp:term":[{"taxonomy":"locations","embeddable":true,"href":"https:\/\/toctoctoc.ci\/en\/wp-json\/wp\/v2\/locations?post=1195"},{"taxonomy":"product_brand","embeddable":true,"href":"https:\/\/toctoctoc.ci\/en\/wp-json\/wp\/v2\/product_brand?post=1195"},{"taxonomy":"product_cat","embeddable":true,"href":"https:\/\/toctoctoc.ci\/en\/wp-json\/wp\/v2\/product_cat?post=1195"},{"taxonomy":"product_tag","embeddable":true,"href":"https:\/\/toctoctoc.ci\/en\/wp-json\/wp\/v2\/product_tag?post=1195"}],"curies":[{"name":"wp","href":"https:\/\/api.w.org\/{rel}","templated":true}]}}