{"id":1159,"date":"2024-11-13T09:45:04","date_gmt":"2024-11-13T09:45:04","guid":{"rendered":"https:\/\/toctoctoc.ci\/?post_type=product&#038;p=1159"},"modified":"2025-12-09T02:59:02","modified_gmt":"2025-12-09T02:59:02","slug":"telecommande-universelle-w2-pro-air-mouse-avec-controle-vocal","status":"publish","type":"product","link":"https:\/\/toctoctoc.ci\/en\/store-listing\/informatique\/high-tech\/telecommande-universelle-w2-pro-air-mouse-avec-controle-vocal\/","title":{"rendered":"T\u00e9l\u00e9commande universelle W2 Pro Air Mouse avec contr\u00f4le vocal"},"content":{"rendered":"<h1>\u00c0 propos de cet article<\/h1>\n<p><em><b>Multifonction 3 en 1<\/b><\/em>\u00a0: Opter pour ce produit est un choix judicieux, car il offre plusieurs fonctionnalit\u00e9s en un seul appareil. Il combine les fonctions d&rsquo;une souris d&rsquo;air, d&rsquo;un clavier sans fil et d&rsquo;une t\u00e9l\u00e9commande infrarouge.<\/p>\n<p><em><b>Design anti-perte<\/b><\/em>\u00a0: Ce produit se distingue par son design innovant anti-perte. En appuyant sur le bouton de recherche situ\u00e9 \u00e0 une extr\u00e9mit\u00e9 du r\u00e9cepteur USB, la t\u00e9l\u00e9commande \u00e9met un son, facilitant ainsi sa localisation.<\/p>\n<p><em><b>Facilit\u00e9 d&rsquo;utilisation<\/b><\/em>\u00a0: Con\u00e7u en mat\u00e9riau ABS de haute qualit\u00e9, cet appareil est \u00e0 la fois durable et fiable. Gr\u00e2ce \u00e0 son capteur inertiel \u00e0 6 axes, il peut d\u00e9tecter la vitesse et les changements de direction. De plus, il est simple \u00e0 utiliser et \u00e0 taper, gr\u00e2ce \u00e0 sa fonction de r\u00e9tro\u00e9clairage et \u00e0 son panneau de contr\u00f4le tactile.<\/p>\n<p><em><b>Portable<\/b><\/em>\u00a0: Avec des dimensions de 19,2 cm de longueur, 5,3 cm de largeur et 1,7 cm de hauteur, ce produit est facilement transportable.<\/p>\n<p><em><b>Sc\u00e8nes d&rsquo;utilisation appropri\u00e9es<\/b><\/em>\u00a0: Compatible avec les syst\u00e8mes Android, Windows et Linux, il convient parfaitement aux HTPC, Smart TV, Android TV Box, ordinateurs portables, projecteurs, et bien plus encore. Ce produit prend \u00e9galement en charge l&rsquo;entr\u00e9e vocale et l&rsquo;apprentissage infrarouge. De plus, il offre une connexion sans fil 2,4 G et fonctionne en mode Plug and Play avec le r\u00e9cepteur USB.<\/p>\n<p>&nbsp;<\/p>\n<h1>Description du produit<\/h1>\n<p><img fetchpriority=\"high\" decoding=\"async\" class=\"alignnone size-large wp-image-1160\" src=\"http:\/\/toctoctoc.ci\/wp-content\/uploads\/2024\/11\/1-3-1024x767.jpeg\" alt=\"\" width=\"640\" height=\"479\" \/> <img decoding=\"async\" class=\"alignnone size-large wp-image-1161\" src=\"http:\/\/toctoctoc.ci\/wp-content\/uploads\/2024\/11\/2-3-1024x471.jpeg\" alt=\"\" width=\"640\" height=\"294\" \/> <img decoding=\"async\" class=\"alignnone size-large wp-image-1162\" src=\"http:\/\/toctoctoc.ci\/wp-content\/uploads\/2024\/11\/3-3-1024x745.jpeg\" alt=\"\" width=\"640\" height=\"466\" \/> <img loading=\"lazy\" decoding=\"async\" class=\"alignnone size-large wp-image-1163\" src=\"http:\/\/toctoctoc.ci\/wp-content\/uploads\/2024\/11\/4-3-1024x1024.jpeg\" alt=\"\" width=\"640\" height=\"640\" \/> <img loading=\"lazy\" decoding=\"async\" class=\"alignnone size-large wp-image-1164\" src=\"http:\/\/toctoctoc.ci\/wp-content\/uploads\/2024\/11\/5-1-1024x998.jpeg\" alt=\"\" width=\"640\" height=\"624\" \/><\/p>\n<p>&nbsp;<\/p>\n<h1>Descriptif technique<\/h1>\n<table style=\"height: 368px;\" width=\"689\">\n<tbody>\n<tr>\n<td width=\"251\">R\u00e9f\u00e9rence<\/td>\n<td>\u200eToc 20240130<\/td>\n<\/tr>\n<tr>\n<td width=\"251\">Dimensions<\/td>\n<td>\u200e21 X 9.5 X 2 cm; 162 grammes<\/td>\n<\/tr>\n<tr>\n<td width=\"251\">Nombre d&rsquo;article(s)<\/td>\n<td>\u200e1<\/td>\n<\/tr>\n<tr>\n<td width=\"251\">Couleur<\/td>\n<td>\u200eNoir<\/td>\n<\/tr>\n<tr>\n<td width=\"251\">Forme<\/td>\n<td>\u200eRectangulaire<\/td>\n<\/tr>\n<tr>\n<td width=\"251\">Mat\u00e9riau<\/td>\n<td>\u200eABS<\/td>\n<\/tr>\n<tr>\n<td width=\"251\">Caract\u00e9ristiques sp\u00e9ciales<\/td>\n<td>\u200eCommande vocale<\/td>\n<\/tr>\n<tr>\n<td width=\"251\">Compatibilit\u00e9<\/td>\n<td>Windows, Linux, Android, Mac OS<\/p>\n<p>Android TV Box, Smart TV, Mini PC, Projecteur, PC, HTPC<\/p>\n<p>(Non compatible avec Samsung, LG, Sony et TCL)<\/td>\n<\/tr>\n<tr>\n<td width=\"251\">Alimentation<\/td>\n<td>\u200ePiles<\/td>\n<\/tr>\n<\/tbody>\n<\/table>\n<h1><\/h1>\n<h1>Le contenu<\/h1>\n<table style=\"height: 105px;\" width=\"261\">\n<tbody>\n<tr>\n<td width=\"257\">Une t\u00e9l\u00e9commande<\/td>\n<\/tr>\n<tr>\n<td width=\"257\">Un c\u00e2ble USB (Micro B)<\/td>\n<\/tr>\n<tr>\n<td width=\"257\">Un r\u00e9cepteur USB (type A)<\/td>\n<\/tr>\n<tr>\n<td width=\"257\">La notice (chinois-anglais)<\/td>\n<\/tr>\n<\/tbody>\n<\/table>\n<p>&nbsp;<\/p>\n<h1>Vid\u00e9o<\/h1>\n<p>&nbsp;<\/p>","protected":false},"excerpt":{"rendered":"<p>La souris a\u00e9rienne W2 est fabriqu\u00e9e \u00e0 partir d&rsquo;un mat\u00e9riau ABS de haute qualit\u00e9, ce qui lui conf\u00e8re un design \u00e9l\u00e9gant et mince. Elle offre une excellente compatibilit\u00e9 avec divers syst\u00e8mes d&rsquo;exploitation, notamment Windows, Android, Mac OS et Linux. Ce produit est id\u00e9al pour une utilisation avec des appareils tels que les Android TV Box, Mini PC, Smart TV, projecteurs, HTPC, PC tout-en-un et t\u00e9l\u00e9viseurs. Une fois coupl\u00e9e avec une t\u00e9l\u00e9commande existante et apr\u00e8s avoir effectu\u00e9 l&rsquo;apprentissage infrarouge, la plupart des t\u00e9l\u00e9viseurs peuvent \u00eatre contr\u00f4l\u00e9s. <strong>Cependant, veuillez noter qu&rsquo;elle n&rsquo;est pas compatible avec la majorit\u00e9 des t\u00e9l\u00e9viseurs intelligents des marques Samsung, Sony, LG, TCL et Roku.<\/strong><\/p>","protected":false},"featured_media":1165,"comment_status":"open","ping_status":"closed","template":"","meta":{"_acf_changed":false},"locations":[135,133,134],"product_brand":[],"product_cat":[80,79],"product_tag":[],"class_list":{"0":"post-1159","1":"product","2":"type-product","3":"status-publish","4":"has-post-thumbnail","6":"locations-cgk","7":"locations-kenya","8":"locations-t03","9":"product_cat-high-tech","10":"product_cat-informatique","12":"first","13":"outofstock","14":"shipping-taxable","15":"purchasable","16":"product-type-simple"},"acf":[],"jetpack_sharing_enabled":true,"_links":{"self":[{"href":"https:\/\/toctoctoc.ci\/en\/wp-json\/wp\/v2\/product\/1159","targetHints":{"allow":["GET"]}}],"collection":[{"href":"https:\/\/toctoctoc.ci\/en\/wp-json\/wp\/v2\/product"}],"about":[{"href":"https:\/\/toctoctoc.ci\/en\/wp-json\/wp\/v2\/types\/product"}],"replies":[{"embeddable":true,"href":"https:\/\/toctoctoc.ci\/en\/wp-json\/wp\/v2\/comments?post=1159"}],"wp:featuredmedia":[{"embeddable":true,"href":"https:\/\/toctoctoc.ci\/en\/wp-json\/wp\/v2\/media\/1165"}],"wp:attachment":[{"href":"https:\/\/toctoctoc.ci\/en\/wp-json\/wp\/v2\/media?parent=1159"}],"wp:term":[{"taxonomy":"locations","embeddable":true,"href":"https:\/\/toctoctoc.ci\/en\/wp-json\/wp\/v2\/locations?post=1159"},{"taxonomy":"product_brand","embeddable":true,"href":"https:\/\/toctoctoc.ci\/en\/wp-json\/wp\/v2\/product_brand?post=1159"},{"taxonomy":"product_cat","embeddable":true,"href":"https:\/\/toctoctoc.ci\/en\/wp-json\/wp\/v2\/product_cat?post=1159"},{"taxonomy":"product_tag","embeddable":true,"href":"https:\/\/toctoctoc.ci\/en\/wp-json\/wp\/v2\/product_tag?post=1159"}],"curies":[{"name":"wp","href":"https:\/\/api.w.org\/{rel}","templated":true}]}}