{"id":1147,"date":"2024-11-12T21:09:47","date_gmt":"2024-11-12T21:09:47","guid":{"rendered":"https:\/\/toctoctoc.ci\/?post_type=product&#038;p=1147"},"modified":"2026-05-02T11:20:29","modified_gmt":"2026-05-02T11:20:29","slug":"veilleuse-avec-detecteur-de-mouvement","status":"publish","type":"product","link":"https:\/\/toctoctoc.ci\/en\/store-listing\/cuisine-et-maison-2\/eclairage-cuisine-et-maison\/veilleuse-avec-detecteur-de-mouvement\/","title":{"rendered":"Veilleuse avec d\u00e9tecteur de mouvement"},"content":{"rendered":"<h1>\u00c0 propos de cet article<\/h1>\n<p><em><strong>Lampe de Placard Ultra Lumineuse<\/strong><\/em>\u00a0: Cette lampe est \u00e9quip\u00e9e de 48 LED et offre une temp\u00e9rature de couleur de 3500K, ce qui la rend extr\u00eamement lumineuse et id\u00e9ale pour \u00e9clairer les zones sombres de votre chambre, placard, armoire, atelier, garage, cage d&rsquo;escalier, couloir, d\u00e9barras, et bien plus encore.<\/p>\n<p><em><b>Luminosit\u00e9 R\u00e9glable<\/b><\/em>\u00a0: Un simple clic permet d&rsquo;allumer la lampe, tandis qu&rsquo;une pression prolong\u00e9e vous permet d&rsquo;ajuster la luminosit\u00e9. En appuyant deux fois, vous activez un \u00e9clairage constant, et trois clics \u00e9teignent la lumi\u00e8re.<\/p>\n<p><em><b>Installation Simple<\/b><\/em>\u00a0: Gr\u00e2ce \u00e0 son puissant aimant, cette lampe LED peut \u00eatre fix\u00e9e directement sur des surfaces m\u00e9talliques. Vous pouvez \u00e9galement utiliser les supports en fer fournis avec des adh\u00e9sifs 3M pour l&rsquo;installer o\u00f9 bon vous semble.<\/p>\n<p><em><b>Deux Modes de Fonctionnement<\/b><\/em>\u00a0: 1. En mode automatique, la lampe s&rsquo;allume d\u00e8s qu&rsquo;elle d\u00e9tecte un mouvement dans l&rsquo;obscurit\u00e9. 2. Vous pouvez \u00e9galement l&rsquo;allumer manuellement en appuyant sur le bouton tactile, m\u00eame sous un meuble.<\/p>\n<p><em><b>Batterie Longue Dur\u00e9e<\/b><\/em>\u00a0: Dot\u00e9e d&rsquo;une batterie de 1500mAh, cette r\u00e9glette LED rechargeable peut fonctionner jusqu&rsquo;\u00e0 19 heures apr\u00e8s une charge via USB. En mode d&rsquo;\u00e9clairage constant, elle peut \u00e9galement servir de lampe de secours.<\/p>\n<h1>Description du produit<\/h1>\n<p><img fetchpriority=\"high\" decoding=\"async\" class=\"alignnone size-large wp-image-1148\" src=\"http:\/\/toctoctoc.ci\/wp-content\/uploads\/2024\/11\/1-2-819x1024.jpeg\" alt=\"\" width=\"640\" height=\"800\" \/> <img decoding=\"async\" class=\"alignnone size-large wp-image-1149\" src=\"http:\/\/toctoctoc.ci\/wp-content\/uploads\/2024\/11\/2-1-1024x633.png\" alt=\"\" width=\"640\" height=\"396\" \/> <img decoding=\"async\" class=\"alignnone size-large wp-image-1150\" src=\"http:\/\/toctoctoc.ci\/wp-content\/uploads\/2024\/11\/3-2-819x1024.jpeg\" alt=\"\" width=\"640\" height=\"800\" \/> <img loading=\"lazy\" decoding=\"async\" class=\"alignnone size-large wp-image-1151\" src=\"http:\/\/toctoctoc.ci\/wp-content\/uploads\/2024\/11\/4-2-818x1024.jpeg\" alt=\"\" width=\"640\" height=\"801\" \/> <img loading=\"lazy\" decoding=\"async\" class=\"alignnone size-large wp-image-1152\" src=\"http:\/\/toctoctoc.ci\/wp-content\/uploads\/2024\/11\/5-1-1024x633.png\" alt=\"\" width=\"640\" height=\"396\" \/><\/p>\n<p>&nbsp;<\/p>\n<h1>Descriptif technique<\/h1>\n<table width=\"517\">\n<tbody>\n<tr>\n<td width=\"251\">R\u00e9f\u00e9rence<\/td>\n<td>\u200eToc 20240129<\/td>\n<\/tr>\n<tr>\n<td width=\"251\">Dimensions<\/td>\n<td>\u200e33.5 X 4.5 X 2.5 cm; 277 grammes<\/td>\n<\/tr>\n<tr>\n<td width=\"251\">Nombre d&rsquo;article(s)<\/td>\n<td>\u200e1<\/td>\n<\/tr>\n<tr>\n<td width=\"251\">Couleur<\/td>\n<td>\u200eGris m\u00e9tallique<\/td>\n<\/tr>\n<tr>\n<td width=\"251\">Forme<\/td>\n<td>\u200eRectangulaire<\/td>\n<\/tr>\n<tr>\n<td width=\"251\">Mat\u00e9riau<\/td>\n<td>\u200eAluminium Anodis\u00e9<\/td>\n<\/tr>\n<tr>\n<td width=\"251\">Caract\u00e9ristiques sp\u00e9ciales<\/td>\n<td>\u200eRechargeable, Sans Fil<\/td>\n<\/tr>\n<tr>\n<td width=\"251\">Type d\u2019ampoule<\/td>\n<td>\u200eLED<\/td>\n<\/tr>\n<tr>\n<td width=\"251\">Type de lumi\u00e8re<\/td>\n<td>Chaud<\/td>\n<\/tr>\n<tr>\n<td width=\"251\">Piles incluses ?<\/td>\n<td>\u200eNon<\/td>\n<\/tr>\n<tr>\n<td width=\"251\">Type d&rsquo;installation<\/td>\n<td>Montage mural (aimant)<\/td>\n<\/tr>\n<tr>\n<td width=\"251\">Voltage<\/td>\n<td>5 V<\/td>\n<\/tr>\n<\/tbody>\n<\/table>\n<p>&nbsp;<\/p>\n<h1>Le contenu<\/h1>\n<table width=\"261\">\n<tbody>\n<tr>\n<td width=\"257\">Une veilleuse<\/td>\n<\/tr>\n<tr>\n<td width=\"257\">Un c\u00e2ble USB (micro B)<\/td>\n<\/tr>\n<tr>\n<td width=\"257\">Une batterie rechargeable<\/td>\n<\/tr>\n<tr>\n<td width=\"257\">Une bande magn\u00e9tique avec adh\u00e9sifs<\/td>\n<\/tr>\n<tr>\n<td width=\"257\">Deux mini lingettes<\/td>\n<\/tr>\n<tr>\n<td width=\"257\">La notice (chinois-anglais)<\/td>\n<\/tr>\n<\/tbody>\n<\/table>\n<p>&nbsp;<\/p>\n<h1>Vid\u00e9o<\/h1>\n<p>&nbsp;<\/p>","protected":false},"excerpt":{"rendered":"<p>D\u00e9couvrez notre lampe de placard dot\u00e9e d&rsquo;un d\u00e9tecteur de mouvement, sp\u00e9cialement con\u00e7ue pour un \u00e9clairage int\u00e9rieur pratique et efficace. Cette r\u00e9glette LED sans fil est id\u00e9ale pour illuminer votre cuisine, apportant une touche moderne et fonctionnelle \u00e0 votre espace. Cette lumi\u00e8re d&rsquo;armoire propose trois modes d\u2019\u00e9clairage, vous permettant de choisir l&rsquo;intensit\u00e9 lumineuse qui convient le mieux \u00e0 vos besoins. De plus, elle est rechargeable par USB, ce qui la rend \u00e0 la fois pratique et respectueuse de l&rsquo;environnement. \u00c9quip\u00e9e d&rsquo;un capteur de mouvement, cette LED rechargeable s&rsquo;allume automatiquement d\u00e8s qu&rsquo;elle d\u00e9tecte une pr\u00e9sence, offrant ainsi un \u00e9clairage sans effort. Parfaite pour les sous-armoires, la cuisine, la garde-robe et bien d&rsquo;autres endroits, cette lampe sans fil s&rsquo;installe facilement et s&rsquo;adapte \u00e0 tous vos besoins d&rsquo;\u00e9clairage.<\/p>","protected":false},"featured_media":1153,"comment_status":"open","ping_status":"closed","template":"","meta":{"_acf_changed":false},"locations":[135,133,134],"product_brand":[],"product_cat":[66,92],"product_tag":[],"class_list":{"0":"post-1147","1":"product","2":"type-product","3":"status-publish","4":"has-post-thumbnail","6":"locations-cgk","7":"locations-kenya","8":"locations-t03","9":"product_cat-cuisine-et-maison-2","10":"product_cat-eclairage-cuisine-et-maison","12":"first","13":"outofstock","14":"shipping-taxable","15":"purchasable","16":"product-type-simple"},"acf":[],"jetpack_sharing_enabled":true,"_links":{"self":[{"href":"https:\/\/toctoctoc.ci\/en\/wp-json\/wp\/v2\/product\/1147","targetHints":{"allow":["GET"]}}],"collection":[{"href":"https:\/\/toctoctoc.ci\/en\/wp-json\/wp\/v2\/product"}],"about":[{"href":"https:\/\/toctoctoc.ci\/en\/wp-json\/wp\/v2\/types\/product"}],"replies":[{"embeddable":true,"href":"https:\/\/toctoctoc.ci\/en\/wp-json\/wp\/v2\/comments?post=1147"}],"wp:featuredmedia":[{"embeddable":true,"href":"https:\/\/toctoctoc.ci\/en\/wp-json\/wp\/v2\/media\/1153"}],"wp:attachment":[{"href":"https:\/\/toctoctoc.ci\/en\/wp-json\/wp\/v2\/media?parent=1147"}],"wp:term":[{"taxonomy":"locations","embeddable":true,"href":"https:\/\/toctoctoc.ci\/en\/wp-json\/wp\/v2\/locations?post=1147"},{"taxonomy":"product_brand","embeddable":true,"href":"https:\/\/toctoctoc.ci\/en\/wp-json\/wp\/v2\/product_brand?post=1147"},{"taxonomy":"product_cat","embeddable":true,"href":"https:\/\/toctoctoc.ci\/en\/wp-json\/wp\/v2\/product_cat?post=1147"},{"taxonomy":"product_tag","embeddable":true,"href":"https:\/\/toctoctoc.ci\/en\/wp-json\/wp\/v2\/product_tag?post=1147"}],"curies":[{"name":"wp","href":"https:\/\/api.w.org\/{rel}","templated":true}]}}