{"id":1134,"date":"2024-11-12T20:18:20","date_gmt":"2024-11-12T20:18:20","guid":{"rendered":"https:\/\/toctoctoc.ci\/?post_type=product&#038;p=1134"},"modified":"2025-12-09T02:59:02","modified_gmt":"2025-12-09T02:59:02","slug":"reveil-a-projection-numerique","status":"publish","type":"product","link":"https:\/\/toctoctoc.ci\/en\/store-listing\/cuisine-et-maison-2\/decoration-interieure\/reveil-a-projection-numerique\/","title":{"rendered":"R\u00e9veil \u00e0 projection num\u00e9rique"},"content":{"rendered":"<h1>\u00c0 propos de cet article<\/h1>\n<p><strong>R\u00e9veil de chambre avec projecteur clair \u00e0 180\u00b0 : <\/strong>Ce r\u00e9veil num\u00e9rique de chevet est \u00e9quip\u00e9 d&rsquo;un projecteur ajustable \u00e0 180\u00b0, permettant d&rsquo;afficher une lumi\u00e8re rouge ultra-claire sur le mur ou le plafond \u00e0 une distance de 0,5 \u00e0 3 m\u00e8tres. La luminosit\u00e9 de la projection peut \u00eatre r\u00e9gl\u00e9e sur 3 niveaux et peut \u00eatre \u00e9teinte si n\u00e9cessaire. De plus, l&rsquo;image projet\u00e9e peut \u00eatre retourn\u00e9e \u00e0 180\u00b0 en maintenant le bouton \u00ab\u00a0Project\u00a0\u00bb enfonc\u00e9.<\/p>\n<p><strong>Utilisation simplifi\u00e9e avec des boutons intuitifs : <\/strong>Des boutons distincts permettent de r\u00e9gler l&rsquo;heure, la date, l&rsquo;alarme, l&rsquo;unit\u00e9 de temp\u00e9rature et le mode week-end, rendant l&rsquo;utilisation tr\u00e8s facile pour les enfants, les \u00e9tudiants et les personnes \u00e2g\u00e9es. L&rsquo;affichage de l&rsquo;heure prend en charge les formats 12 et 24 heures, et tous les r\u00e9glages peuvent \u00eatre effectu\u00e9s en quelques minutes. Pour toute question concernant le r\u00e9glage, veuillez consulter le manuel ou nous contacter pour assistance.<\/p>\n<p><strong>Alarme avec mode week-end et fonction Snooze : <\/strong>L&rsquo;alarme propose deux niveaux de volume r\u00e9glables (70dB ou 85dB) pour s&rsquo;adapter \u00e0 vos pr\u00e9f\u00e9rences. En activant le mode week-end, l&rsquo;alarme ne sonnera que du lundi au vendredi, vous \u00e9vitant ainsi des r\u00e9veils ind\u00e9sirables le week-end. Lorsque l&rsquo;alarme se d\u00e9clenche, le grand bouton de r\u00e9p\u00e9tition sur le dessus de l&rsquo;horloge est facilement accessible, vous permettant de profiter de 9 minutes de sommeil suppl\u00e9mentaires.<\/p>\n<p><strong>Alimentation par piles ou secteur : <\/strong>Ce r\u00e9veil num\u00e9rique peut \u00eatre aliment\u00e9 de deux mani\u00e8res : en le branchant avec le c\u00e2ble USB et l&rsquo;adaptateur fournis, ou en utilisant 3 piles AAA (non incluses). Si seules les piles sont utilis\u00e9es, l&rsquo;horloge fonctionnera correctement sans n\u00e9cessiter de r\u00e9glage de l&rsquo;heure. Vous n&rsquo;aurez donc pas \u00e0 vous soucier de manquer des \u00e9v\u00e9nements importants. REMARQUE : La luminosit\u00e9 de l&rsquo;\u00e9cran et de la projection ne peut pas \u00eatre ajust\u00e9e lors d&rsquo;une coupure de courant.<\/p>\n<p><strong>R\u00e9veil num\u00e9rique compact pour les voyages : <\/strong>Avec ses dimensions compactes (13,8 cm x 3,5 cm x 8,5 cm), ce r\u00e9veil est id\u00e9al pour \u00eatre plac\u00e9 sur une table de chevet, un bureau ou dans votre sac \u00e0 main lors de vos d\u00e9placements. Le paquet comprend : 1x R\u00e9veil par projection MeesMeek, 1x Manuel d&rsquo;utilisation, 1x C\u00e2ble micro-USB, 1x Adaptateur.<\/p>\n<p><strong>Conseils d&rsquo;utilisation : <\/strong>Avant d&rsquo;utiliser l&rsquo;appareil, ins\u00e9rez 3 piles AAA comme sauvegarde pour \u00e9viter la r\u00e9initialisation de l&rsquo;horloge en cas de coupure de courant. 1) Lorsque l&rsquo;appareil fonctionne sur piles, la projection et le r\u00e9tro\u00e9clairage s&rsquo;\u00e9teignent apr\u00e8s 5 secondes pour \u00e9conomiser de l&rsquo;\u00e9nergie. Pour un \u00e9clairage constant, branchez-le. 2) Si la projection ne reste pas allum\u00e9e m\u00eame branch\u00e9e, v\u00e9rifiez que le c\u00e2ble USB est bien connect\u00e9.<\/p>\n<p><strong>Astuces pour la projection : <\/strong>1) Pourquoi l&rsquo;image projet\u00e9e est-elle \u00e0 l&rsquo;envers ? &#8211; Maintenez le bouton de projection enfonc\u00e9 pendant 3 secondes pour retourner l&rsquo;image. 2) Pourquoi la projection est-elle floue ? &#8211; Ajustez la roue de mise au point \u00e0 l&rsquo;arri\u00e8re de l&rsquo;horloge pour clarifier l&rsquo;image projet\u00e9e.<\/p>\n<p>&nbsp;<\/p>\n<h1>Description du produit<\/h1>\n<p>&nbsp;<\/p>\n<p><img fetchpriority=\"high\" decoding=\"async\" class=\"alignnone size-large wp-image-1135\" src=\"http:\/\/toctoctoc.ci\/wp-content\/uploads\/2024\/11\/1-1-1024x1024.jpeg\" alt=\"\" width=\"640\" height=\"640\" \/> <img decoding=\"async\" class=\"alignnone size-large wp-image-1136\" src=\"http:\/\/toctoctoc.ci\/wp-content\/uploads\/2024\/11\/2-2-1024x1024.jpeg\" alt=\"\" width=\"640\" height=\"640\" \/> <img decoding=\"async\" class=\"alignnone size-large wp-image-1137\" src=\"http:\/\/toctoctoc.ci\/wp-content\/uploads\/2024\/11\/3-1-1024x1024.jpeg\" alt=\"\" width=\"640\" height=\"640\" \/> <img loading=\"lazy\" decoding=\"async\" class=\"alignnone size-large wp-image-1138\" src=\"http:\/\/toctoctoc.ci\/wp-content\/uploads\/2024\/11\/4-1-1024x1024.jpeg\" alt=\"\" width=\"640\" height=\"640\" \/> <img loading=\"lazy\" decoding=\"async\" class=\"alignnone size-large wp-image-1139\" src=\"http:\/\/toctoctoc.ci\/wp-content\/uploads\/2024\/11\/5-1011x1024.jpeg\" alt=\"\" width=\"640\" height=\"648\" \/> <img loading=\"lazy\" decoding=\"async\" class=\"alignnone size-large wp-image-1140\" src=\"http:\/\/toctoctoc.ci\/wp-content\/uploads\/2024\/11\/6-1024x1024.jpeg\" alt=\"\" width=\"640\" height=\"640\" \/><\/p>\n<p>&nbsp;<\/p>\n<h1>Descriptif technique<\/h1>\n<table width=\"517\">\n<tbody>\n<tr>\n<td width=\"251\">R\u00e9f\u00e9rence<\/td>\n<td>\u200eToc 20240128<\/td>\n<\/tr>\n<tr>\n<td width=\"251\">Dimensions<\/td>\n<td>\u200e17 X 10 X 4 cm; 245 grammes<\/td>\n<\/tr>\n<tr>\n<td width=\"251\">Nombre d&rsquo;article(s)<\/td>\n<td>\u200e1<\/td>\n<\/tr>\n<tr>\n<td width=\"251\">Couleur<\/td>\n<td>\u200eNoir\/Gris<\/td>\n<\/tr>\n<tr>\n<td width=\"251\">Forme<\/td>\n<td>\u200eRectangulaire<\/td>\n<\/tr>\n<tr>\n<td width=\"251\">Mat\u00e9riau<\/td>\n<td>\u200ePlastique<\/td>\n<\/tr>\n<tr>\n<td width=\"251\">Caract\u00e9ristiques sp\u00e9ciales<\/td>\n<td>\u200eProjection murale<\/td>\n<\/tr>\n<tr>\n<td width=\"251\">Compatibilit\u00e9<\/td>\n<td>Int\u00e9rieur<\/td>\n<\/tr>\n<tr>\n<td width=\"251\">Piles incluses ?<\/td>\n<td>\u200eNon<\/td>\n<\/tr>\n<\/tbody>\n<\/table>\n<p>&nbsp;<\/p>\n<h1>Le contenu<\/h1>\n<table width=\"261\">\n<tbody>\n<tr>\n<td width=\"257\">Un r\u00e9veil num\u00e9rique<\/td>\n<\/tr>\n<tr>\n<td width=\"257\">Un c\u00e2ble USB<\/td>\n<\/tr>\n<tr>\n<td width=\"257\">La notice (chinois)<\/td>\n<\/tr>\n<\/tbody>\n<\/table>\n<p>&nbsp;<\/p>\n<h1>Vid\u00e9o<\/h1>\n<p>&nbsp;<\/p>","protected":false},"excerpt":{"rendered":"<p>Horloge \u00e0 projection num\u00e9rique : \u00c9cran LCD lumineux affichant l&rsquo;heure, la date et la temp\u00e9rature, avec un format 12\/24 heures et une luminosit\u00e9 ajustable. Ce r\u00e9veil de bureau fonctionnant sur piles est simple \u00e0 r\u00e9gler, id\u00e9al pour les enfants, les adultes et parfait pour la chambre \u00e0 coucher.<\/p>","protected":false},"featured_media":1141,"comment_status":"open","ping_status":"closed","template":"","meta":{"_acf_changed":false},"locations":[135,133,134],"product_brand":[],"product_cat":[66,78],"product_tag":[],"class_list":{"0":"post-1134","1":"product","2":"type-product","3":"status-publish","4":"has-post-thumbnail","6":"locations-cgk","7":"locations-kenya","8":"locations-t03","9":"product_cat-cuisine-et-maison-2","10":"product_cat-decoration-interieure","12":"first","13":"outofstock","14":"shipping-taxable","15":"purchasable","16":"product-type-simple"},"acf":[],"jetpack_sharing_enabled":true,"_links":{"self":[{"href":"https:\/\/toctoctoc.ci\/en\/wp-json\/wp\/v2\/product\/1134","targetHints":{"allow":["GET"]}}],"collection":[{"href":"https:\/\/toctoctoc.ci\/en\/wp-json\/wp\/v2\/product"}],"about":[{"href":"https:\/\/toctoctoc.ci\/en\/wp-json\/wp\/v2\/types\/product"}],"replies":[{"embeddable":true,"href":"https:\/\/toctoctoc.ci\/en\/wp-json\/wp\/v2\/comments?post=1134"}],"wp:featuredmedia":[{"embeddable":true,"href":"https:\/\/toctoctoc.ci\/en\/wp-json\/wp\/v2\/media\/1141"}],"wp:attachment":[{"href":"https:\/\/toctoctoc.ci\/en\/wp-json\/wp\/v2\/media?parent=1134"}],"wp:term":[{"taxonomy":"locations","embeddable":true,"href":"https:\/\/toctoctoc.ci\/en\/wp-json\/wp\/v2\/locations?post=1134"},{"taxonomy":"product_brand","embeddable":true,"href":"https:\/\/toctoctoc.ci\/en\/wp-json\/wp\/v2\/product_brand?post=1134"},{"taxonomy":"product_cat","embeddable":true,"href":"https:\/\/toctoctoc.ci\/en\/wp-json\/wp\/v2\/product_cat?post=1134"},{"taxonomy":"product_tag","embeddable":true,"href":"https:\/\/toctoctoc.ci\/en\/wp-json\/wp\/v2\/product_tag?post=1134"}],"curies":[{"name":"wp","href":"https:\/\/api.w.org\/{rel}","templated":true}]}}