{"id":1119,"date":"2024-11-12T15:20:15","date_gmt":"2024-11-12T15:20:15","guid":{"rendered":"https:\/\/toctoctoc.ci\/?post_type=product&#038;p=1119"},"modified":"2025-12-09T02:59:02","modified_gmt":"2025-12-09T02:59:02","slug":"booster-batterie-compresseur-dair-portable-10000-mah","status":"publish","type":"product","link":"https:\/\/toctoctoc.ci\/en\/store-listing\/auto-moto\/outils\/booster-batterie-compresseur-dair-portable-10000-mah\/","title":{"rendered":"Booster Batterie \/ Compresseur d&rsquo;air Portable (10000 mAh)"},"content":{"rendered":"<h1>\u00c0 propos de cet article<\/h1>\n<p><em><strong>D\u00e9marreur de Batterie Puissant<\/strong><\/em> : Avec un courant de pointe de 10 400 A, ce d\u00e9marreur de voiture peut relancer des v\u00e9hicules 12V avec des moteurs allant jusqu&rsquo;\u00e0 7,0L essence ou 5,0L diesel en quelques secondes. M\u00eame par temps extr\u00eame, il permet jusqu&rsquo;\u00e0 20 d\u00e9marrages sur une seule charge (il suffit d&rsquo;un peu plus de 25 % de la puissance pour d\u00e9marrer votre v\u00e9hicule). Id\u00e9al pour les voitures, camions, motos et autres v\u00e9hicules.<\/p>\n<p><em><strong>Compresseur Intelligent et Efficace<\/strong><\/em> : Notre mini compresseur est con\u00e7u avec la technologie \u00ab\u00a0Turbocharged\u00a0\u00bb, offrant plus de puissance, de stabilit\u00e9 et moins de bruit. Il atteint une pression maximale de 150 PSI avec un d\u00e9bit d&rsquo;air de 35L\/min. Il inclut des fonctionnalit\u00e9s comme la d\u00e9tection de la pression des pneus, l&rsquo;arr\u00eat automatique \u00e0 la pression souhait\u00e9e et le changement d&rsquo;unit\u00e9s (BAR\/PSI\/KPA).<\/p>\n<p><em><strong>S\u00e9curit\u00e9 Renforc\u00e9e<\/strong> <\/em>: \u00c9quip\u00e9 de protections contre les \u00e9tincelles, l&rsquo;inversion de polarit\u00e9, les surintensit\u00e9s, les temp\u00e9ratures \u00e9lev\u00e9es et les surcharges. Se connecte en toute s\u00e9curit\u00e9 \u00e0 toute batterie automobile de 12 volts. Un indicateur sp\u00e9cial vous alerte en cas d&rsquo;utilisation incorrecte gr\u00e2ce \u00e0 un signal sonore et des lumi\u00e8res clignotantes.<\/p>\n<p><em><strong>Multi-Fonctions 4 en 1<\/strong> <\/em>: Ce produit est non seulement un d\u00e9marreur de batterie portable et un gonfleur de pneus, mais aussi une banque d&rsquo;\u00e9nergie portable et une lampe de poche LED. Il permet de charger des smartphones, tablettes et autres appareils mobiles avec une charge rapide USB 3.0. La lampe de poche int\u00e9gr\u00e9e de 300 lumens propose 3 modes d&rsquo;\u00e9clairage : lumi\u00e8re constante, stroboscopique et SOS (rouge clignotant).<\/p>\n<h1>Description du produit<\/h1>\n<p>&nbsp;<\/p>\n<p><img fetchpriority=\"high\" decoding=\"async\" class=\"alignnone wp-image-1120 size-large\" src=\"http:\/\/toctoctoc.ci\/wp-content\/uploads\/2024\/11\/3-3-1024x420.jpg\" alt=\"\" width=\"640\" height=\"263\" \/> <img decoding=\"async\" class=\"alignnone wp-image-1121 size-large\" src=\"http:\/\/toctoctoc.ci\/wp-content\/uploads\/2024\/11\/5-1024x420.png\" alt=\"\" width=\"640\" height=\"263\" \/> <img decoding=\"async\" class=\"alignnone wp-image-1122 size-large\" src=\"http:\/\/toctoctoc.ci\/wp-content\/uploads\/2024\/11\/1-1024x420.png\" alt=\"\" width=\"640\" height=\"263\" \/> <img loading=\"lazy\" decoding=\"async\" class=\"alignnone wp-image-1123 size-large\" src=\"http:\/\/toctoctoc.ci\/wp-content\/uploads\/2024\/11\/6-1024x420.png\" alt=\"\" width=\"640\" height=\"263\" \/> <img loading=\"lazy\" decoding=\"async\" class=\"alignnone wp-image-1124 size-large\" src=\"http:\/\/toctoctoc.ci\/wp-content\/uploads\/2024\/11\/4-1024x420.png\" alt=\"\" width=\"640\" height=\"263\" \/> <img loading=\"lazy\" decoding=\"async\" class=\"alignnone wp-image-1125 size-large\" src=\"http:\/\/toctoctoc.ci\/wp-content\/uploads\/2024\/11\/2-1024x420.png\" alt=\"\" width=\"640\" height=\"263\" \/><\/p>\n<p>&nbsp;<\/p>\n<h1>Descriptif technique<\/h1>\n<table style=\"height: 265px;\" width=\"517\">\n<tbody>\n<tr>\n<td width=\"251\">R\u00e9f\u00e9rence<\/td>\n<td>\u200eToc 20240127<\/td>\n<\/tr>\n<tr>\n<td width=\"251\">Dimensions<\/td>\n<td>\u200e26 X 19 X 8.5 cm; 1250 grammes<\/td>\n<\/tr>\n<tr>\n<td width=\"251\">Nombre d&rsquo;article(s)<\/td>\n<td>\u200e1<\/td>\n<\/tr>\n<tr>\n<td width=\"251\">Couleur<\/td>\n<td>\u200eNoir<\/td>\n<\/tr>\n<tr>\n<td width=\"251\">Forme<\/td>\n<td>\u200eRectangulaire<\/td>\n<\/tr>\n<tr>\n<td width=\"251\">Mat\u00e9riau<\/td>\n<td>\u200eLithium<\/td>\n<\/tr>\n<tr>\n<td width=\"251\">Caract\u00e9ristiques sp\u00e9ciales<\/td>\n<td>\u200ePortable<\/td>\n<\/tr>\n<tr>\n<td width=\"251\">Compatibilit\u00e9<\/td>\n<td>\u200eCamion\/voiture\/deux-roues<\/td>\n<\/tr>\n<tr>\n<td width=\"251\">Piles incluses ?<\/td>\n<td>\u200eNon<\/td>\n<\/tr>\n<tr>\n<td width=\"251\">Amp\u00e9rage<\/td>\n<td>10400 A<\/td>\n<\/tr>\n<\/tbody>\n<\/table>\n<p>&nbsp;<\/p>\n<h1>Le contenu<\/h1>\n<table style=\"height: 159px;\" width=\"261\">\n<tbody>\n<tr>\n<td width=\"257\">Un \u00e9tui de protection<\/td>\n<\/tr>\n<tr>\n<td width=\"257\">Un d\u00e9marreur de batterie<\/td>\n<\/tr>\n<tr>\n<td width=\"257\">Un tube d\u2019air<\/td>\n<\/tr>\n<tr>\n<td width=\"257\">Un c\u00e2ble USB C<\/td>\n<\/tr>\n<tr>\n<td width=\"257\">Un c\u00e2ble de d\u00e9marrage intelligent<\/td>\n<\/tr>\n<tr>\n<td width=\"257\">4 adaptateurs pneumatiques<\/td>\n<\/tr>\n<tr>\n<td width=\"257\">La notice (chinois)<\/td>\n<\/tr>\n<\/tbody>\n<\/table>\n<p>&nbsp;<\/p>\n<h1>Vid\u00e9o<\/h1>\n<p>&nbsp;<\/p>","protected":false},"excerpt":{"rendered":"<p>Ce d\u00e9marreur portable de 10000A est con\u00e7u pour relancer des v\u00e9hicules \u00e9quip\u00e9s de moteurs allant jusqu&rsquo;\u00e0 7L essence ou 5L diesel. Fonctionnant sur une batterie 12V, il est parfait pour les voitures et les camions. En plus de sa fonction de d\u00e9marrage, il int\u00e8gre un compresseur puissant capable d&rsquo;atteindre une pression maximale de 150 PSI, id\u00e9al pour gonfler vos pneus. Son \u00e9cran LED vous permet de suivre facilement la charge et la pression, tandis que la lampe \u00e0 LED int\u00e9gr\u00e9e offre un \u00e9clairage pratique pour les situations d&rsquo;urgence ou dans l&rsquo;obscurit\u00e9. Un accessoire indispensable pour tous les automobilistes, alliant puissance et polyvalence !<\/p>","protected":false},"featured_media":1126,"comment_status":"open","ping_status":"closed","template":"","meta":{"_acf_changed":false},"locations":[135,133,134],"product_brand":[],"product_cat":[57,77],"product_tag":[],"class_list":{"0":"post-1119","1":"product","2":"type-product","3":"status-publish","4":"has-post-thumbnail","6":"locations-cgk","7":"locations-kenya","8":"locations-t03","9":"product_cat-auto-moto","10":"product_cat-outils","12":"first","13":"outofstock","14":"shipping-taxable","15":"purchasable","16":"product-type-simple"},"acf":[],"jetpack_sharing_enabled":true,"_links":{"self":[{"href":"https:\/\/toctoctoc.ci\/en\/wp-json\/wp\/v2\/product\/1119","targetHints":{"allow":["GET"]}}],"collection":[{"href":"https:\/\/toctoctoc.ci\/en\/wp-json\/wp\/v2\/product"}],"about":[{"href":"https:\/\/toctoctoc.ci\/en\/wp-json\/wp\/v2\/types\/product"}],"replies":[{"embeddable":true,"href":"https:\/\/toctoctoc.ci\/en\/wp-json\/wp\/v2\/comments?post=1119"}],"wp:featuredmedia":[{"embeddable":true,"href":"https:\/\/toctoctoc.ci\/en\/wp-json\/wp\/v2\/media\/1126"}],"wp:attachment":[{"href":"https:\/\/toctoctoc.ci\/en\/wp-json\/wp\/v2\/media?parent=1119"}],"wp:term":[{"taxonomy":"locations","embeddable":true,"href":"https:\/\/toctoctoc.ci\/en\/wp-json\/wp\/v2\/locations?post=1119"},{"taxonomy":"product_brand","embeddable":true,"href":"https:\/\/toctoctoc.ci\/en\/wp-json\/wp\/v2\/product_brand?post=1119"},{"taxonomy":"product_cat","embeddable":true,"href":"https:\/\/toctoctoc.ci\/en\/wp-json\/wp\/v2\/product_cat?post=1119"},{"taxonomy":"product_tag","embeddable":true,"href":"https:\/\/toctoctoc.ci\/en\/wp-json\/wp\/v2\/product_tag?post=1119"}],"curies":[{"name":"wp","href":"https:\/\/api.w.org\/{rel}","templated":true}]}}