{"id":1095,"date":"2024-11-04T20:23:39","date_gmt":"2024-11-04T20:23:39","guid":{"rendered":"https:\/\/toctoctoc.ci\/?post_type=product&#038;p=1095"},"modified":"2025-12-09T02:59:02","modified_gmt":"2025-12-09T02:59:02","slug":"support-telescopique-rotatif-pour-ordinateur","status":"publish","type":"product","link":"https:\/\/toctoctoc.ci\/en\/store-listing\/fournitures-de-bureau-scolaire\/rangement-et-organisation\/support-telescopique-rotatif-pour-ordinateur\/","title":{"rendered":"Support t\u00e9lescopique rotatif pour ordinateur"},"content":{"rendered":"<h1>\u00c0 propos de cet article<\/h1>\n<p>&#8211;\u00a0<b>Rotation \u00e0 360\u00b0<\/b>\u00a0: Si vous devez collaborer sur un projet, notre support rotatif pour ordinateur portable facilite le partage de votre \u00e9cran avec quelqu&rsquo;un d&rsquo;autre dans la m\u00eame pi\u00e8ce ou \u00e0 un autre bureau. C&rsquo;est la solution id\u00e9ale pour ceux qui travaillent dans un environnement de bureau ouvert et souhaitent participer \u00e0 des r\u00e9unions sans quitter leur poste. Il est \u00e9galement parfait pour les sessions de brainstorming lors de discussions en vid\u00e9o ou d&rsquo;appels.<\/p>\n<p>&#8211;\u00a0<b>Hauteur ajustable<\/b>\u00a0: Travailler dans la position la plus confortable pour vous peut am\u00e9liorer votre productivit\u00e9 et votre cr\u00e9ativit\u00e9. Ce support pour ordinateur portable vous permet de r\u00e9gler la hauteur jusqu&rsquo;\u00e0 50,8 cm, vous offrant ainsi la possibilit\u00e9 de travailler confortablement, que vous soyez assis ou debout.<\/p>\n<p>&#8211;\u00a0<b>Angle d&rsquo;inclinaison ajustable<\/b>\u00a0: Ce rehausseur pour ordinateur portable est con\u00e7u pour am\u00e9liorer votre confort en \u00e9levant votre \u00e9cran \u00e0 hauteur des yeux, ce qui favorise une meilleure posture et r\u00e9duit les douleurs dorsales. Vous pouvez ajuster l&rsquo;angle selon vos besoins pour une visualisation optimale.<\/p>\n<p>&#8211;\u00a0<b>Grande capacit\u00e9 de support<\/b>\u00a0: Ce support pour MacBook est tr\u00e8s r\u00e9sistant et peut supporter jusqu&rsquo;\u00e0 10 kg. Sa base solide emp\u00eache votre ordinateur portable de basculer pendant son utilisation, m\u00eame lorsque vous tapez ou dessinez. Notez que nous recommandons d&rsquo;utiliser un clavier externe et une souris pour taper efficacement sans que le clavier de l&rsquo;ordinateur portable ne bouge.<\/p>\n<p>&#8211;\u00a0<b>Compatibilit\u00e9 \u00e9tendue<\/b>\u00a0: Ce support rotatif convient \u00e0 tous les ordinateurs portables et tablettes jusqu&rsquo;\u00e0 17 pouces, y compris les mod\u00e8les MacBook Air\/Pro, Lenovo, Dell, HP, Chromebook, et bien d&rsquo;autres. Il est enti\u00e8rement pliable et peut servir d&rsquo;accessoire de bureau, de support de podium, ou de bureau d&rsquo;ordinateur portable ergonomique.<\/p>\n<p>&nbsp;<\/p>\n<h1>Description du produit<\/h1>\n<p><img fetchpriority=\"high\" decoding=\"async\" class=\"alignnone wp-image-1102 size-large\" src=\"http:\/\/toctoctoc.ci\/wp-content\/uploads\/2024\/11\/4-1-920x1024.jpg\" alt=\"\" width=\"640\" height=\"712\" \/> <img decoding=\"async\" class=\"alignnone wp-image-1103 size-large\" src=\"http:\/\/toctoctoc.ci\/wp-content\/uploads\/2024\/11\/3-1-788x1024.jpg\" alt=\"\" width=\"640\" height=\"832\" \/> <img decoding=\"async\" class=\"alignnone wp-image-1104 size-large\" src=\"http:\/\/toctoctoc.ci\/wp-content\/uploads\/2024\/11\/2-788x1024.jpg\" alt=\"\" width=\"640\" height=\"832\" \/> <img loading=\"lazy\" decoding=\"async\" class=\"alignnone wp-image-1105 size-large\" src=\"http:\/\/toctoctoc.ci\/wp-content\/uploads\/2024\/11\/1-1-788x1024.jpg\" alt=\"\" width=\"640\" height=\"832\" \/><\/p>\n<p>&nbsp;<\/p>\n<h1>Descriptif technique<\/h1>\n<table style=\"height: 279px;\" width=\"539\">\n<tbody>\n<tr>\n<td width=\"251\">R\u00e9f\u00e9rence<\/td>\n<td>\u200eToc 20240125<\/td>\n<\/tr>\n<tr>\n<td width=\"251\">Dimensions<\/td>\n<td>\u200e30 X 28 X 7.5 cm; 2150 grammes<\/td>\n<\/tr>\n<tr>\n<td width=\"251\">Nombre d&rsquo;article(s)<\/td>\n<td>\u200e1<\/td>\n<\/tr>\n<tr>\n<td width=\"251\">Couleur<\/td>\n<td>\u200eGris<\/td>\n<\/tr>\n<tr>\n<td width=\"251\">Forme<\/td>\n<td>\u200eRectangulaire<\/td>\n<\/tr>\n<tr>\n<td width=\"251\">Mat\u00e9riau<\/td>\n<td>\u200eAluminium<\/td>\n<\/tr>\n<tr>\n<td width=\"251\">Caract\u00e9ristiques sp\u00e9ciales<\/td>\n<td>\u200ePortable<\/td>\n<\/tr>\n<tr>\n<td width=\"251\">Appareils compatibles<\/td>\n<td>\u200e Ordinateur portable, Tablette<\/td>\n<\/tr>\n<tr>\n<td width=\"251\">Piles incluses ?<\/td>\n<td>\u200eNon<\/td>\n<\/tr>\n<tr>\n<td width=\"251\">Type de fixation<\/td>\n<td>\u200eMontage sur table (bureau)<\/td>\n<\/tr>\n<\/tbody>\n<\/table>\n<h1>Le contenu<\/h1>\n<table style=\"height: 59px;\" width=\"198\">\n<tbody>\n<tr>\n<td width=\"346\">Un support d\u2019ordinateur<\/td>\n<\/tr>\n<tr>\n<td width=\"346\">Une cl\u00e9 Allen + 2 vis<\/td>\n<\/tr>\n<\/tbody>\n<\/table>\n<h1>Vid\u00e9o<\/h1>\n<p><iframe title=\"TOC 20240125\" width=\"1200\" height=\"675\" src=\"https:\/\/www.youtube.com\/embed\/pFChu019nZ8?feature=oembed\" frameborder=\"0\" allow=\"accelerometer; autoplay; clipboard-write; encrypted-media; gyroscope; picture-in-picture; web-share\" referrerpolicy=\"strict-origin-when-cross-origin\" allowfullscreen><\/iframe><\/p>\n<p>&nbsp;<\/p>","protected":false},"excerpt":{"rendered":"<div class=\"wpaicg-chat-shortcode-content\">\n<p><span id=\"wpaicg-chat-message-44051\" class=\"wpaicg-chat-message\">Support pour ordinateur portable en aluminium, ajustable et pliable, pouvant pivoter \u00e0 360\u00b0. Il est r\u00e9glable en hauteur et en angle, et convient \u00e0 tous les ordinateurs portables et tablettes mesurant entre 25,4 et 39,62 cm. Ce support ergonomique est id\u00e9al pour le travail, les \u00e9tudes et le streaming en direct, et est disponible en gris.<\/span><\/p>\n<p>&nbsp;<\/p>\n<\/div>","protected":false},"featured_media":1096,"comment_status":"open","ping_status":"closed","template":"","meta":{"_acf_changed":false},"locations":[135,133,134],"product_brand":[],"product_cat":[74,75],"product_tag":[],"class_list":{"0":"post-1095","1":"product","2":"type-product","3":"status-publish","4":"has-post-thumbnail","6":"locations-cgk","7":"locations-kenya","8":"locations-t03","9":"product_cat-fournitures-de-bureau-scolaire","10":"product_cat-rangement-et-organisation","12":"first","13":"outofstock","14":"shipping-taxable","15":"purchasable","16":"product-type-simple"},"acf":[],"jetpack_sharing_enabled":true,"_links":{"self":[{"href":"https:\/\/toctoctoc.ci\/en\/wp-json\/wp\/v2\/product\/1095","targetHints":{"allow":["GET"]}}],"collection":[{"href":"https:\/\/toctoctoc.ci\/en\/wp-json\/wp\/v2\/product"}],"about":[{"href":"https:\/\/toctoctoc.ci\/en\/wp-json\/wp\/v2\/types\/product"}],"replies":[{"embeddable":true,"href":"https:\/\/toctoctoc.ci\/en\/wp-json\/wp\/v2\/comments?post=1095"}],"wp:featuredmedia":[{"embeddable":true,"href":"https:\/\/toctoctoc.ci\/en\/wp-json\/wp\/v2\/media\/1096"}],"wp:attachment":[{"href":"https:\/\/toctoctoc.ci\/en\/wp-json\/wp\/v2\/media?parent=1095"}],"wp:term":[{"taxonomy":"locations","embeddable":true,"href":"https:\/\/toctoctoc.ci\/en\/wp-json\/wp\/v2\/locations?post=1095"},{"taxonomy":"product_brand","embeddable":true,"href":"https:\/\/toctoctoc.ci\/en\/wp-json\/wp\/v2\/product_brand?post=1095"},{"taxonomy":"product_cat","embeddable":true,"href":"https:\/\/toctoctoc.ci\/en\/wp-json\/wp\/v2\/product_cat?post=1095"},{"taxonomy":"product_tag","embeddable":true,"href":"https:\/\/toctoctoc.ci\/en\/wp-json\/wp\/v2\/product_tag?post=1095"}],"curies":[{"name":"wp","href":"https:\/\/api.w.org\/{rel}","templated":true}]}}