{"id":1078,"date":"2024-09-10T03:29:53","date_gmt":"2024-09-10T03:29:53","guid":{"rendered":"https:\/\/toctoctoc.ci\/?post_type=product&#038;p=1078"},"modified":"2026-03-01T23:05:58","modified_gmt":"2026-03-01T23:05:58","slug":"lampe-de-chevet-led","status":"publish","type":"product","link":"https:\/\/toctoctoc.ci\/en\/store-listing\/cuisine-et-maison-2\/eclairage-cuisine-et-maison\/lampe-de-chevet-led\/","title":{"rendered":"Lampe de chevet LED"},"content":{"rendered":"<h1>\u00c0 propos de cet article<\/h1>\n<p>D\u00e9couvrez notre lampe de chevet innovante, \u00e9quip\u00e9e d&rsquo;une fonction de charge sans fil de 10W, compatible avec la plupart des smartphones et appareils \u00e9lectroniques Qi, vous permettant de recharger votre t\u00e9l\u00e9phone tout en travaillant, \u00e9tudiant, lisant ou dormant. Elle int\u00e8gre \u00e9galement un r\u00e9veil lumineux qui simule le lever du soleil dix minutes avant l&rsquo;heure de r\u00e9veil, cr\u00e9ant une ambiance agr\u00e9able en augmentant progressivement la lumi\u00e8re de 10 % \u00e0 100 %. Pour les l\u00e8ve-tard, le mode Snooze vous offre 10 minutes de sommeil suppl\u00e9mentaire, r\u00e9p\u00e9table jusqu&rsquo;\u00e0 trois fois. De plus, cette lampe dispose d&rsquo;une fonction d&rsquo;horloge avec un \u00e9cran r\u00e9glable sur trois niveaux de luminosit\u00e9 et prend en charge les formats d&rsquo;heure 12\/24 heures, s&rsquo;adaptant ainsi \u00e0 vos pr\u00e9f\u00e9rences. Enfin, sa technologie LED tactile dimmable vous permet d&rsquo;ajuster facilement l&rsquo;intensit\u00e9 lumineuse en effleurant le bras annulaire de la lampe. Une solution pratique et esth\u00e9tique pour votre espace de vie !<\/p>\n<p>&nbsp;<\/p>\n<h1>Description du produit<\/h1>\n<p><img fetchpriority=\"high\" decoding=\"async\" class=\"alignleft wp-image-1085\" src=\"http:\/\/toctoctoc.ci\/wp-content\/uploads\/2024\/09\/pixelcut-export-copie-1024x1024.jpeg\" alt=\"\" width=\"453\" height=\"453\" \/><img decoding=\"async\" class=\"alignleft wp-image-1086\" src=\"http:\/\/toctoctoc.ci\/wp-content\/uploads\/2024\/09\/pixelcut-export-copie-2-1024x1024.jpeg\" alt=\"\" width=\"453\" height=\"453\" \/><\/p>\n<p><img decoding=\"async\" class=\"wp-image-1090  aligncenter\" src=\"http:\/\/toctoctoc.ci\/wp-content\/uploads\/2024\/09\/pixelcut-export-copie-6-1024x653.jpeg\" alt=\"\" width=\"682\" height=\"435\" \/><\/p>\n<p><img loading=\"lazy\" decoding=\"async\" class=\"alignnone wp-image-1089\" src=\"http:\/\/toctoctoc.ci\/wp-content\/uploads\/2024\/09\/pixelcut-export-copie-2-1-1024x1024.jpg\" alt=\"\" width=\"452\" height=\"452\" \/> <img loading=\"lazy\" decoding=\"async\" class=\"alignnone wp-image-1088\" src=\"http:\/\/toctoctoc.ci\/wp-content\/uploads\/2024\/09\/pixelcut-export-copie-4-1024x1024.jpeg\" alt=\"\" width=\"454\" height=\"454\" \/><\/p>\n<h1><\/h1>\n<h1><\/h1>\n<h1><\/h1>\n<h1>Descriptif technique<\/h1>\n<table width=\"502\">\n<tbody>\n<tr>\n<td width=\"251\">R\u00e9f\u00e9rence<\/td>\n<td>\u200eToc 20240124<\/td>\n<\/tr>\n<tr>\n<td width=\"251\">Dimensions<\/td>\n<td>\u200e26 x 24 x 10 cm; 650 grammes<\/td>\n<\/tr>\n<tr>\n<td width=\"251\">Nombre d&rsquo;article(s)<\/td>\n<td>\u200e1<\/td>\n<\/tr>\n<tr>\n<td width=\"251\">Couleur<\/td>\n<td>\u200eBlanc<\/td>\n<\/tr>\n<tr>\n<td width=\"251\">Forme<\/td>\n<td>\u200eRonde<\/td>\n<\/tr>\n<tr>\n<td width=\"251\">Mat\u00e9riau<\/td>\n<td>\u200ePlastique<\/td>\n<\/tr>\n<tr>\n<td width=\"251\">Volt<\/td>\n<td>\u200e12 Volts<\/td>\n<\/tr>\n<tr>\n<td width=\"251\">Caract\u00e9ristiques sp\u00e9ciales<\/td>\n<td>\u200eInt\u00e9rieur<\/td>\n<\/tr>\n<tr>\n<td width=\"251\">Type de prise<\/td>\n<td>\u200eC\u00e2ble \u00e9lectrique<\/td>\n<\/tr>\n<tr>\n<td width=\"251\">Style d&rsquo;interrupteur<\/td>\n<td>\u200eTactile<\/td>\n<\/tr>\n<tr>\n<td width=\"251\">Type d&rsquo;installation<\/td>\n<td>\u200eMontage sur table<\/td>\n<\/tr>\n<tr>\n<td width=\"251\">Piles incluses ?<\/td>\n<td>\u200eNon<\/td>\n<\/tr>\n<tr>\n<td width=\"251\">Flux lumineux<\/td>\n<td>\u200e450 lm<\/td>\n<\/tr>\n<tr>\n<td width=\"251\">Puissance<\/td>\n<td>\u200e10 Watts<\/td>\n<\/tr>\n<\/tbody>\n<\/table>\n<h1><\/h1>\n<h1><\/h1>\n<h1><\/h1>\n<h1>Le contenu<\/h1>\n<table style=\"height: 101px;\" width=\"350\">\n<tbody>\n<tr>\n<td width=\"234\">Une lampe<\/td>\n<\/tr>\n<tr>\n<td width=\"234\">Un chargeur (Type A)*<\/td>\n<\/tr>\n<tr>\n<td width=\"234\">Un adaptateur de prise E\/F<\/td>\n<\/tr>\n<tr>\n<td width=\"234\">La notice (chinois)<\/td>\n<\/tr>\n<\/tbody>\n<\/table>\n<h1><\/h1>\n<h1><\/h1>\n<h1><\/h1>\n<h1>Vid\u00e9o<\/h1>\n<p><iframe title=\"TOC 20240124\" width=\"1200\" height=\"675\" src=\"https:\/\/www.youtube.com\/embed\/IVhRndhbfIc?feature=oembed\" frameborder=\"0\" allow=\"accelerometer; autoplay; clipboard-write; encrypted-media; gyroscope; picture-in-picture; web-share\" referrerpolicy=\"strict-origin-when-cross-origin\" allowfullscreen><\/iframe><\/p>\n<p>&nbsp;<\/p>\n<p>&nbsp;<\/p>\n<p>&nbsp;<\/p>","protected":false},"excerpt":{"rendered":"<p id=\"title\" class=\"a-size-large a-spacing-none\"><span id=\"productTitle\" class=\"a-size-large product-title-word-break\">Lampe de Chevet LED avec Fonction de Charge 10W, Lampe de R\u00e9veil Tactile Dimmable avec 3 Niveaux de Luminosit\u00e9, Veilleuse Chaude avec Chargeur sans Fil, R\u00e9veil Lumineux, Bois<\/span><\/p>","protected":false},"featured_media":1083,"comment_status":"open","ping_status":"closed","template":"","meta":{"_acf_changed":false},"locations":[135,133,134],"product_brand":[],"product_cat":[66,92],"product_tag":[73,68,69,70,71,72],"class_list":{"0":"post-1078","1":"product","2":"type-product","3":"status-publish","4":"has-post-thumbnail","6":"locations-cgk","7":"locations-kenya","8":"locations-t03","9":"product_cat-cuisine-et-maison-2","10":"product_cat-eclairage-cuisine-et-maison","11":"product_tag-chargeur-sans-fil","12":"product_tag-eclairage","13":"product_tag-lampe","14":"product_tag-lampe-de-chevet","15":"product_tag-lampe-de-reveil","16":"product_tag-veilleuse","18":"first","19":"outofstock","20":"shipping-taxable","21":"purchasable","22":"product-type-simple"},"acf":[],"jetpack_sharing_enabled":true,"_links":{"self":[{"href":"https:\/\/toctoctoc.ci\/en\/wp-json\/wp\/v2\/product\/1078","targetHints":{"allow":["GET"]}}],"collection":[{"href":"https:\/\/toctoctoc.ci\/en\/wp-json\/wp\/v2\/product"}],"about":[{"href":"https:\/\/toctoctoc.ci\/en\/wp-json\/wp\/v2\/types\/product"}],"replies":[{"embeddable":true,"href":"https:\/\/toctoctoc.ci\/en\/wp-json\/wp\/v2\/comments?post=1078"}],"wp:featuredmedia":[{"embeddable":true,"href":"https:\/\/toctoctoc.ci\/en\/wp-json\/wp\/v2\/media\/1083"}],"wp:attachment":[{"href":"https:\/\/toctoctoc.ci\/en\/wp-json\/wp\/v2\/media?parent=1078"}],"wp:term":[{"taxonomy":"locations","embeddable":true,"href":"https:\/\/toctoctoc.ci\/en\/wp-json\/wp\/v2\/locations?post=1078"},{"taxonomy":"product_brand","embeddable":true,"href":"https:\/\/toctoctoc.ci\/en\/wp-json\/wp\/v2\/product_brand?post=1078"},{"taxonomy":"product_cat","embeddable":true,"href":"https:\/\/toctoctoc.ci\/en\/wp-json\/wp\/v2\/product_cat?post=1078"},{"taxonomy":"product_tag","embeddable":true,"href":"https:\/\/toctoctoc.ci\/en\/wp-json\/wp\/v2\/product_tag?post=1078"}],"curies":[{"name":"wp","href":"https:\/\/api.w.org\/{rel}","templated":true}]}}